{"id":96,"date":"2024-09-02T21:26:27","date_gmt":"2024-09-02T21:26:27","guid":{"rendered":"http:\/\/bmpinfogeo.atpnd.com\/?page_id=96"},"modified":"2025-12-11T17:33:50","modified_gmt":"2025-12-11T17:33:50","slug":"about","status":"publish","type":"page","link":"https:\/\/bmpinfogeo.com.br\/pl\/about\/","title":{"rendered":"NA"},"content":{"rendered":"<div class=\"mx-5 sm:mx-0 prose leading-relaxed text-lg mb-5 text-left wp-paragraph\">\n<p>W BMP InfoGeo wierzymy, \u017ce nauka, zabawa i poszukiwanie nowych mo\u017cliwo\u015bci powinny i\u015b\u0107 w parze. Jeste\u015bmy Twoim zaufanym \u017ar\u00f3d\u0142em wiedzy na r\u00f3\u017cnorodne tematy, od szkole\u0144, porad finansowych i ofert pracy po najnowsze wiadomo\u015bci ze \u015bwiata muzyki i aplikacji. <\/p>\n<\/div><div class=\"mx-5 sm:mx-0 prose leading-relaxed text-lg mb-5 text-left wp-paragraph\">\n<p>Naszym celem jest dostarczanie zr\u00f3\u017cnicowanych i istotnych tre\u015bci, kt\u00f3re wzbogac\u0105 Twoj\u0105 codzienno\u015b\u0107 i pomog\u0105 Ci rozwija\u0107 si\u0119 w r\u00f3\u017cnych dziedzinach \u017cycia.<\/p>\n<\/div><div class=\"mx-5 sm:mx-0 prose leading-relaxed text-lg mb-5 text-left wp-paragraph\">\n<p>Nasz zesp\u00f3\u0142, pe\u0142en zaanga\u017cowania i pasji, gromadzi najlepsze zasoby, aby zapewni\u0107 Ci dost\u0119p do wysokiej jako\u015bci, praktycznych i zawsze aktualnych informacji. <\/p>\n<\/div><div class=\"mx-5 sm:mx-0 prose leading-relaxed text-lg mb-5 text-left wp-paragraph\">\n<p>Chcemy by\u0107 Twoim cyfrowym przewodnikiem, niezale\u017cnie od tego, czy chodzi o poszerzenie Twojej wiedzy, znalezienie najlepszej muzyki, ulepszenie Twojego dnia za pomoc\u0105 nowych aplikacji, czy te\u017c odkrywanie nowych mo\u017cliwo\u015bci w \u015bwiecie finans\u00f3w i na rynku pracy.<\/p>\n<\/div><!--advertisement--><div class=\"mx-5 sm:mx-0 sm:text-3xl text-2xl font-medium title-font mb-4 text-gray-900 text-left\">\n<h2 class=\"wp-block-heading\"><strong>Kim jeste\u015bmy<\/strong><\/h2>\n<\/div><div class=\"mx-5 sm:mx-0 prose leading-relaxed text-lg mb-5 text-left wp-paragraph\">\n<p>BMP InfoGeo to kompleksowa i dynamiczna platforma, stworzona w celu oferowania warto\u015bciowych tre\u015bci z r\u00f3\u017cnych obszar\u00f3w: edukacji, rozrywki i rozwoju osobistego. <\/p>\n<\/div><div class=\"mx-5 sm:mx-0 prose leading-relaxed text-lg mb-5 text-left wp-paragraph\">\n<p>Jeste\u015bmy tutaj, aby pom\u00f3c Ci znale\u017a\u0107 kursy, kt\u00f3re przyspiesz\u0105 Twoj\u0105 karier\u0119, odkry\u0107 wspania\u0142\u0105 muzyk\u0119 na ka\u017cd\u0105 chwil\u0119, korzysta\u0107 z przydatnych aplikacji w \u017cyciu codziennym, pozna\u0107 rozwi\u0105zania finansowe, a nawet pokierowa\u0107 Ci\u0119 w poszukiwaniu nowej pracy.<\/p>\n<\/div><div class=\"mx-5 sm:mx-0 prose leading-relaxed text-lg mb-5 text-left wp-paragraph\">\n<p>Nasz zesp\u00f3\u0142 sk\u0142ada si\u0119 z ekspert\u00f3w, kt\u00f3rych pasj\u0105 s\u0105 wysokiej jako\u015bci informacje. Pracujemy nieustannie, aby zapewni\u0107 Ci dost\u0119p do wszystkiego, czego potrzebujesz, aby pozosta\u0107 na bie\u017c\u0105co i by\u0107 na bie\u017c\u0105co z najciekawszymi aspektami cyfrowego i zawodowego \u015bwiata.<\/p>\n<\/div><div class=\"mx-5 sm:mx-0 prose leading-relaxed text-lg mb-5 text-left wp-paragraph\">\n<p><strong>Nasza misja<\/strong><\/p>\n<\/div><div class=\"mx-5 sm:mx-0 prose leading-relaxed text-lg mb-5 text-left wp-paragraph\">\n<p>Nasz\u0105 misj\u0105 jest dostarczanie przyst\u0119pnych, dynamicznych i praktycznych tre\u015bci dla wszystkich, kt\u00f3rzy d\u0105\u017c\u0105 do rozwoju osobistego i zawodowego. <\/p>\n<\/div><div class=\"mx-5 sm:mx-0 prose leading-relaxed text-lg mb-5 text-left wp-paragraph\">\n<p>Chcemy by\u0107 dla Ciebie \u017ar\u00f3d\u0142em kurs\u00f3w i materia\u0142\u00f3w edukacyjnych, inspiruj\u0105cej muzyki, innowacyjnych aplikacji, kt\u00f3re u\u0142atwi\u0105 Ci dzie\u0144, skutecznych rozwi\u0105za\u0144 finansowych i aktualnych informacji o rynku pracy. <\/p>\n<\/div><div class=\"mx-5 sm:mx-0 prose leading-relaxed text-lg mb-5 text-left wp-paragraph\">\n<p>Wierzymy, \u017ce edukacja i rozrywka mog\u0105 i powinny i\u015b\u0107 r\u0119ka w r\u0119k\u0119.<\/p>\n<\/div><div class=\"mx-5 sm:mx-0 prose leading-relaxed text-lg mb-5 text-left wp-paragraph\">\n<p>Naszym zobowi\u0105zaniem jest oferowanie przejrzystych, uczciwych i \u0142atwo dost\u0119pnych informacji, zawsze staraj\u0105c si\u0119 zapewni\u0107 Ci rzeczywist\u0105 warto\u015b\u0107, niezale\u017cnie od tego, czy chodzi o nauk\u0119 nowych umiej\u0119tno\u015bci, odkrywanie nowej muzyki, czy maksymalizacj\u0119 Twojej produktywno\u015bci i finans\u00f3w.<\/p>\n<\/div><!--advertisement--><div class=\"mx-5 sm:mx-0 sm:text-3xl text-2xl font-medium title-font mb-4 text-gray-900 text-left\">\n<h2 class=\"wp-block-heading\"><strong>Co tu znajdziesz<\/strong><\/h2>\n<\/div><div class=\"mx-5 sm:mx-0 prose leading-relaxed text-lg mb-5 text-left wp-paragraph\">\n<p>Zorganizowali\u015bmy nasze tre\u015bci tak, aby spe\u0142nia\u0142y wszystkie Twoje potrzeby, oferuj\u0105c istotne tematy i dost\u0119pne praktyki:<\/p>\n<\/div><div class=\"mx-5 sm:mx-0 prose leading-relaxed text-lg mb-5 text-left wp-paragraph\">\n<p>\ud83d\udd39 <strong>Kursy i szkolenia<\/strong><br>Odkryj wysokiej jako\u015bci kursy, od umiej\u0119tno\u015bci technicznych po rozw\u00f3j osobisty. Oferujemy rekomendacje kurs\u00f3w, kt\u00f3re pomog\u0105 Ci osi\u0105gn\u0105\u0107 Twoje cele, niezale\u017cnie od tego, czy chodzi o nauk\u0119 nowego zawodu, czy poszerzenie wiedzy w celu rozwoju osobistego.<\/p>\n<\/div><div class=\"mx-5 sm:mx-0 prose leading-relaxed text-lg mb-5 text-left wp-paragraph\">\n<p>\ud83d\udd39 <strong>Muzyka i rozrywka<\/strong><br>Odkryj playlisty, nowo\u015bci i utwory, kt\u00f3re inspiruj\u0105 i rozja\u015bniaj\u0105 Tw\u00f3j dzie\u0144. Chcemy pom\u00f3c Ci nawi\u0105za\u0107 kontakt z muzyk\u0105, kt\u00f3ra odzwierciedla Tw\u00f3j styl i emocje, a tak\u017ce informowa\u0107 Ci\u0119 na bie\u017c\u0105co o trendach i nowo\u015bciach na scenie muzycznej.<\/p>\n<\/div><div class=\"mx-5 sm:mx-0 prose leading-relaxed text-lg mb-5 text-left wp-paragraph\">\n<p>\ud83d\udd39 <strong>Aplikacje i narz\u0119dzia cyfrowe<\/strong><br>Znajd\u017a najlepsze aplikacje, kt\u00f3re sprawi\u0105, \u017ce Tw\u00f3j dzie\u0144 b\u0119dzie bardziej efektywny i produktywny. Niezale\u017cnie od tego, czy chodzi o organizacj\u0119 osobist\u0105, finanse, czy rozrywk\u0119, mamy najlepsze sugestie, jak ulepszy\u0107 Twoje cyfrowe do\u015bwiadczenia.<\/p>\n<\/div><div class=\"mx-5 sm:mx-0 prose leading-relaxed text-lg mb-5 text-left wp-paragraph\">\n<p>\ud83d\udd39 <strong>Porady finansowe i ekonomiczne<\/strong><br>Poznaj podstawowe poj\u0119cia finansowe i uzyskaj praktyczne wskaz\u00f3wki dotycz\u0105ce zarz\u0105dzania swoimi pieni\u0119dzmi, oszcz\u0119dzania i inwestowania w spos\u00f3b inteligentny, a tak\u017ce b\u0105d\u017a na bie\u017c\u0105co z najnowszymi wiadomo\u015bciami ze \u015bwiata gospodarki.<\/p>\n<\/div><div class=\"mx-5 sm:mx-0 prose leading-relaxed text-lg mb-5 text-left wp-paragraph\">\n<p>\ud83d\udd39 <strong>Praca i mo\u017cliwo\u015bci kariery<\/strong><br>B\u0105d\u017a na bie\u017c\u0105co z ofertami pracy i najlepszymi mo\u017cliwo\u015bciami na rynku. Pomagamy Ci znale\u017a\u0107 w\u0142a\u015bciw\u0105 \u015bcie\u017ck\u0119 rozwoju zawodowego, zar\u00f3wno w du\u017cych firmach, jak i w rozwijaj\u0105cych si\u0119 nowych sektorach.<\/p>\n<\/div><!--advertisement--><div class=\"mx-5 sm:mx-0 sm:text-3xl text-2xl font-medium title-font mb-4 text-gray-900 text-left\">\n<h2 class=\"wp-block-heading\"><strong>Nasze podej\u015bcie<\/strong><\/h2>\n<\/div><div class=\"mx-5 sm:mx-0 prose leading-relaxed text-lg mb-5 text-left wp-paragraph\">\n<p>BMP InfoGeo opiera si\u0119 na transparentno\u015bci i zaanga\u017cowaniu w dostarczanie wysokiej jako\u015bci tre\u015bci. Wszystko tworzymy sami, koncentruj\u0105c si\u0119 na szczeg\u00f3\u0142owych badaniach i praktycznych informacjach, aby pom\u00f3c Ci osi\u0105gn\u0105\u0107 Twoje cele. <\/p>\n<\/div><div class=\"mx-5 sm:mx-0 prose leading-relaxed text-lg mb-5 text-left wp-paragraph\">\n<p>Nie sk\u0142adamy pustych obietnic; zamiast tego staramy si\u0119 dostarcza\u0107 tre\u015bci, kt\u00f3re naprawd\u0119 zrobi\u0105 r\u00f3\u017cnic\u0119 w Twoim \u017cyciu, niezale\u017cnie od tego, czy chodzi o rozw\u00f3j Twojej kariery, wyb\u00f3r nowej aplikacji, czy optymalizacj\u0119 Twoich finans\u00f3w osobistych.<\/p>\n<\/div><div class=\"mx-5 sm:mx-0 prose leading-relaxed text-lg mb-5 text-left wp-paragraph\">\n<p>Wierzymy, \u017ce wiedza powinna by\u0107 dost\u0119pna dla ka\u017cdego, dlatego nasze tre\u015bci s\u0105 przejrzyste, bezpo\u015brednie i przydatne, bez wzgl\u0119du na to, na jakim etapie swojej drogi si\u0119 znajdujesz. <\/p>\n<\/div><div class=\"mx-5 sm:mx-0 prose leading-relaxed text-lg mb-5 text-left wp-paragraph\">\n<p>W BMP InfoGeo jeste\u015bmy gotowi towarzyszy\u0107 Ci na ka\u017cdym kroku Twojego rozwoju cyfrowego, zawodowego i osobistego.<\/p>\n<\/div>","protected":false},"excerpt":{"rendered":"<p>W BMP InfoGeo wierzymy, \u017ce nauka, zabawa i poszukiwanie nowych mo\u017cliwo\u015bci powinny i\u015b\u0107 w parze. Jeste\u015bmy Twoim zaufanym \u017ar\u00f3d\u0142em wiedzy na r\u00f3\u017cnorodne tematy, od szkole\u0144, porad finansowych i ofert pracy, po najnowsze wiadomo\u015bci ze \u015bwiata muzyki i aplikacji. Naszym celem jest dostarczanie r\u00f3\u017cnorodnych tre\u015bci i\u2026 <a class=\"more-link\" href=\"https:\/\/bmpinfogeo.com.br\/pl\/about\/\">Czytaj dalej <span class=\"screen-reader-text\">NA<\/span><\/a><\/p>","protected":false},"author":5,"featured_media":0,"parent":0,"menu_order":0,"comment_status":"closed","ping_status":"closed","template":"","meta":{"footnotes":""},"yoast_head":"<!-- This site is optimized with the Yoast SEO plugin v23.3 - https:\/\/yoast.com\/wordpress\/plugins\/seo\/ -->\n<title>Sobre - Bmp Info Geo<\/title>\n<meta name=\"robots\" content=\"index, follow, max-snippet:-1, max-image-preview:large, max-video-preview:-1\" \/>\n<link rel=\"canonical\" href=\"https:\/\/bmpinfogeo.com.br\/pl\/about\/\" \/>\n<meta property=\"og:locale\" content=\"pl_PL\" \/>\n<meta property=\"og:type\" content=\"article\" \/>\n<meta property=\"og:title\" content=\"Sobre - Bmp Info Geo\" \/>\n<meta property=\"og:description\" content=\"No BMP InfoGeo, acreditamos que o aprendizado, a divers\u00e3o e a busca por novas oportunidades devem caminhar juntos. Somos sua fonte de informa\u00e7\u00e3o confi\u00e1vel para explorar uma variedade de temas, desde cursos de capacita\u00e7\u00e3o, dicas financeiras e oportunidades de emprego at\u00e9 as \u00faltimas novidades em m\u00fasicas e aplicativos. Nosso objetivo \u00e9 fornecer conte\u00fado diversificado e&hellip; Continue reading Sobre\" \/>\n<meta property=\"og:url\" content=\"https:\/\/bmpinfogeo.com.br\/pl\/about\/\" \/>\n<meta property=\"og:site_name\" content=\"Bmp Info Geo\" \/>\n<meta property=\"article:modified_time\" content=\"2025-12-11T17:33:50+00:00\" \/>\n<meta name=\"twitter:card\" content=\"summary_large_image\" \/>\n<meta name=\"twitter:label1\" content=\"Est. reading time\" \/>\n\t<meta name=\"twitter:data1\" content=\"3 minuty\" \/>\n<script type=\"application\/ld+json\" class=\"yoast-schema-graph\">{\"@context\":\"https:\/\/schema.org\",\"@graph\":[{\"@type\":\"WebPage\",\"@id\":\"https:\/\/bmpinfogeo.com.br\/about\/\",\"url\":\"https:\/\/bmpinfogeo.com.br\/about\/\",\"name\":\"Sobre - Bmp Info Geo\",\"isPartOf\":{\"@id\":\"https:\/\/bmpinfogeo.com.br\/#website\"},\"datePublished\":\"2024-09-02T21:26:27+00:00\",\"dateModified\":\"2025-12-11T17:33:50+00:00\",\"breadcrumb\":{\"@id\":\"https:\/\/bmpinfogeo.com.br\/about\/#breadcrumb\"},\"inLanguage\":\"pl-PL\",\"potentialAction\":[{\"@type\":\"ReadAction\",\"target\":[\"https:\/\/bmpinfogeo.com.br\/about\/\"]}]},{\"@type\":\"BreadcrumbList\",\"@id\":\"https:\/\/bmpinfogeo.com.br\/about\/#breadcrumb\",\"itemListElement\":[{\"@type\":\"ListItem\",\"position\":1,\"name\":\"Home\",\"item\":\"https:\/\/bmpinfogeo.com.br\/\"},{\"@type\":\"ListItem\",\"position\":2,\"name\":\"Sobre\"}]},{\"@type\":\"WebSite\",\"@id\":\"https:\/\/bmpinfogeo.com.br\/#website\",\"url\":\"https:\/\/bmpinfogeo.com.br\/\",\"name\":\"Bmp Info Geo\",\"description\":\"\",\"potentialAction\":[{\"@type\":\"SearchAction\",\"target\":{\"@type\":\"EntryPoint\",\"urlTemplate\":\"https:\/\/bmpinfogeo.com.br\/?s={search_term_string}\"},\"query-input\":\"required name=search_term_string\"}],\"inLanguage\":\"pl-PL\"}]}<\/script>\n<!-- \/ Yoast SEO plugin. -->","yoast_head_json":{"title":"Sobre - Bmp Info Geo","robots":{"index":"index","follow":"follow","max-snippet":"max-snippet:-1","max-image-preview":"max-image-preview:large","max-video-preview":"max-video-preview:-1"},"canonical":"https:\/\/bmpinfogeo.com.br\/pl\/about\/","og_locale":"pl_PL","og_type":"article","og_title":"Sobre - Bmp Info Geo","og_description":"No BMP InfoGeo, acreditamos que o aprendizado, a divers\u00e3o e a busca por novas oportunidades devem caminhar juntos. Somos sua fonte de informa\u00e7\u00e3o confi\u00e1vel para explorar uma variedade de temas, desde cursos de capacita\u00e7\u00e3o, dicas financeiras e oportunidades de emprego at\u00e9 as \u00faltimas novidades em m\u00fasicas e aplicativos. Nosso objetivo \u00e9 fornecer conte\u00fado diversificado e&hellip; Continue reading Sobre","og_url":"https:\/\/bmpinfogeo.com.br\/pl\/about\/","og_site_name":"Bmp Info Geo","article_modified_time":"2025-12-11T17:33:50+00:00","twitter_card":"summary_large_image","twitter_misc":{"Est. reading time":"3 minuty"},"schema":{"@context":"https:\/\/schema.org","@graph":[{"@type":"WebPage","@id":"https:\/\/bmpinfogeo.com.br\/about\/","url":"https:\/\/bmpinfogeo.com.br\/about\/","name":"Sobre - Bmp Info Geo","isPartOf":{"@id":"https:\/\/bmpinfogeo.com.br\/#website"},"datePublished":"2024-09-02T21:26:27+00:00","dateModified":"2025-12-11T17:33:50+00:00","breadcrumb":{"@id":"https:\/\/bmpinfogeo.com.br\/about\/#breadcrumb"},"inLanguage":"pl-PL","potentialAction":[{"@type":"ReadAction","target":["https:\/\/bmpinfogeo.com.br\/about\/"]}]},{"@type":"BreadcrumbList","@id":"https:\/\/bmpinfogeo.com.br\/about\/#breadcrumb","itemListElement":[{"@type":"ListItem","position":1,"name":"Home","item":"https:\/\/bmpinfogeo.com.br\/"},{"@type":"ListItem","position":2,"name":"Sobre"}]},{"@type":"WebSite","@id":"https:\/\/bmpinfogeo.com.br\/#website","url":"https:\/\/bmpinfogeo.com.br\/","name":"Bmp Info Geo","description":"","potentialAction":[{"@type":"SearchAction","target":{"@type":"EntryPoint","urlTemplate":"https:\/\/bmpinfogeo.com.br\/?s={search_term_string}"},"query-input":"required name=search_term_string"}],"inLanguage":"pl-PL"}]}},"_links":{"self":[{"href":"https:\/\/bmpinfogeo.com.br\/pl\/wp-json\/wp\/v2\/pages\/96"}],"collection":[{"href":"https:\/\/bmpinfogeo.com.br\/pl\/wp-json\/wp\/v2\/pages"}],"about":[{"href":"https:\/\/bmpinfogeo.com.br\/pl\/wp-json\/wp\/v2\/types\/page"}],"author":[{"embeddable":true,"href":"https:\/\/bmpinfogeo.com.br\/pl\/wp-json\/wp\/v2\/users\/5"}],"replies":[{"embeddable":true,"href":"https:\/\/bmpinfogeo.com.br\/pl\/wp-json\/wp\/v2\/comments?post=96"}],"version-history":[{"count":2,"href":"https:\/\/bmpinfogeo.com.br\/pl\/wp-json\/wp\/v2\/pages\/96\/revisions"}],"predecessor-version":[{"id":1812,"href":"https:\/\/bmpinfogeo.com.br\/pl\/wp-json\/wp\/v2\/pages\/96\/revisions\/1812"}],"wp:attachment":[{"href":"https:\/\/bmpinfogeo.com.br\/pl\/wp-json\/wp\/v2\/media?parent=96"}],"curies":[{"name":"wp","href":"https:\/\/api.w.org\/{rel}","templated":true}]}}