{"id":94,"date":"2024-09-02T21:24:08","date_gmt":"2024-09-02T21:24:08","guid":{"rendered":"http:\/\/bmpinfogeo.atpnd.com\/?page_id=94"},"modified":"2025-09-23T21:05:23","modified_gmt":"2025-09-23T21:05:23","slug":"terms","status":"publish","type":"page","link":"https:\/\/bmpinfogeo.com.br\/pl\/terms\/","title":{"rendered":"Warunki korzystania"},"content":{"rendered":"<div class=\"mx-5 sm:mx-0 prose leading-relaxed text-lg mb-5 text-left wp-paragraph\">\n<p>Zaktualizowano 18 wrze\u015bnia 2025 r.<\/p>\n<\/div><!--advertisement--><div class=\"mx-5 sm:mx-0 sm:text-3xl text-2xl font-medium title-font mb-4 text-gray-900 text-left\">\n<h2 class=\"wp-block-heading\"><strong>BMP InfoGeo<\/strong><\/h2>\n<\/div><div class=\"mx-5 sm:mx-0 prose leading-relaxed text-lg mb-5 text-left wp-paragraph\">\n<p>BMP InfoGeo to platforma, kt\u00f3ra autonomicznie obs\u0142uguje witryn\u0119 internetow\u0105 dost\u0119pn\u0105 pod adresem <a style=\" color:;\" href=\"http:\/\/bmpinfogeo.com.br\/pl\/\">http:\/\/bmpinfogeo.com.br\/<\/a>.<\/p>\n<\/div><div class=\"mx-5 sm:mx-0 prose leading-relaxed text-lg mb-5 text-left wp-paragraph\">\n<p>Naszym g\u0142\u00f3wnym celem w BMP InfoGeo jest oferowanie naszym u\u017cytkownikom wysokiej jako\u015bci tre\u015bci, skupiaj\u0105cych si\u0119 na zr\u00f3\u017cnicowanej tematyce, obejmuj\u0105cej m.in. kursy, muzyk\u0119 i aplikacje.<\/p>\n<\/div><div class=\"mx-5 sm:mx-0 prose leading-relaxed text-lg mb-5 text-left wp-paragraph\">\n<p>Warunki korzystania s\u0105 dost\u0119pne w ka\u017cdej chwili pod nast\u0119puj\u0105cym linkiem: <a style=\" color:;\" href=\"https:\/\/bmpinfogeo.com.br\/pl\/terms\/\"><\/a><a style=\" color:;\" href=\"https:\/\/bmpinfogeo.com.br\/pl\/terms\/\">http:\/\/bmpinfogeo.com.br\/terms\/<\/a>. Niniejsze Warunki wraz z nasz\u0105 Polityk\u0105 Prywatno\u015bci, dost\u0119pne s\u0105 pod adresem <a style=\" color:;\" href=\"https:\/\/bmpinfogeo.com.br\/pl\/privacy-policy\/\"><\/a><a style=\" color:;\" href=\"https:\/\/bmpinfogeo.com.br\/pl\/privacy-policy\/\">http:\/\/bmpinfogeo.com.br\/privacy-policy\/<\/a>, regulowa\u0107 korzystanie ze strony internetowej i przestrzega\u0107 obowi\u0105zuj\u0105cych przepis\u00f3w prawa.<\/p>\n<\/div><div class=\"mx-5 sm:mx-0 prose leading-relaxed text-lg mb-5 text-left wp-paragraph\">\n<p>W niniejszym dokumencie okre\u015blono obowi\u0105zki i prawa u\u017cytkownik\u00f3w, kt\u00f3rzy uzyskuj\u0105 dost\u0119p do serwisu BMP InfoGeo i korzystaj\u0105 z niego, zgodnie z opisem poni\u017cej.<\/p>\n<\/div><div class=\"mx-5 sm:mx-0 prose leading-relaxed text-lg mb-5 text-left wp-paragraph\">\n<p>Podkre\u015blamy, \u017ce BMP InfoGeo nie uczestniczy w procesach oceny ani zatwierdzania wniosk\u00f3w; Decyzje te le\u017c\u0105 wy\u0142\u0105cznie w gestii u\u017cytkownik\u00f3w, kt\u00f3rzy musz\u0105 dzia\u0142a\u0107 zgodnie z w\u0142asnymi ocenami i kryteriami.<\/p>\n<\/div><!--advertisement--><div class=\"mx-5 sm:mx-0 sm:text-3xl text-2xl font-medium title-font mb-4 text-gray-900 text-left\">\n<h2 class=\"wp-block-heading\"><strong>1. Akceptacja warunk\u00f3w<\/strong><\/h2>\n<\/div><div class=\"mx-5 sm:mx-0 prose leading-relaxed text-lg mb-5 text-left wp-paragraph\">\n<p>1.1. Uzyskuj\u0105c dost\u0119p do serwisu BMP InfoGeo u\u017cytkownik automatycznie akceptuje Warunki korzystania z serwisu oraz Polityk\u0119 prywatno\u015bci.<\/p>\n<\/div><div class=\"mx-5 sm:mx-0 prose leading-relaxed text-lg mb-5 text-left wp-paragraph\">\n<p>1.2. Aby korzysta\u0107 z us\u0142ug oferowanych przez BMP InfoGeo, u\u017cytkownik musi mie\u0107 uko\u0144czone 18 lat i posiada\u0107 pe\u0142n\u0105 zdolno\u015b\u0107 do czynno\u015bci prawnych, aby zaakceptowa\u0107 warunki okre\u015blone w niniejszym dokumencie.<\/p>\n<\/div><div class=\"mx-5 sm:mx-0 prose leading-relaxed text-lg mb-5 text-left wp-paragraph\">\n<p>1.3. Je\u017celi u\u017cytkownik nie zgadza si\u0119 z kt\u00f3rymkolwiek z postanowie\u0144 lub nie spe\u0142nia okre\u015blonych kryteri\u00f3w, powinien natychmiast zaprzesta\u0107 korzystania z us\u0142ug i tre\u015bci oferowanych przez BMP InfoGeo.<\/p>\n<\/div><!--advertisement--><div class=\"mx-5 sm:mx-0 sm:text-3xl text-2xl font-medium title-font mb-4 text-gray-900 text-left\">\n<h2 class=\"wp-block-heading\"><strong>2. Kontakt<\/strong><\/h2>\n<\/div><div class=\"mx-5 sm:mx-0 prose leading-relaxed text-lg mb-5 text-left wp-paragraph\">\n<p>2.1. BMP InfoGeo udost\u0119pnia u\u017cytkownikom kana\u0142y komunikacji, dzi\u0119ki kt\u00f3rym mog\u0105 wyja\u015bnia\u0107 w\u0105tpliwo\u015bci, rozwi\u0105zywa\u0107 problemy, sk\u0142ada\u0107 skargi lub uzyskiwa\u0107 dodatkowe informacje na temat \u015bwiadczonych us\u0142ug.<\/p>\n<\/div><div class=\"mx-5 sm:mx-0 prose leading-relaxed text-lg mb-5 text-left wp-paragraph\">\n<p>2.2. Kontakt mo\u017cliwy jest poprzez stron\u0119 kontaktow\u0105.<\/p>\n<\/div><!--advertisement--><div class=\"mx-5 sm:mx-0 sm:text-3xl text-2xl font-medium title-font mb-4 text-gray-900 text-left\">\n<h2 class=\"wp-block-heading\"><strong>3. Obowi\u0105zki u\u017cytkownika<\/strong><\/h2>\n<\/div><div class=\"mx-5 sm:mx-0 prose leading-relaxed text-lg mb-5 text-left wp-paragraph\">\n<p>3.1. Przed skorzystaniem z us\u0142ug BMP InfoGeo u\u017cytkownicy musz\u0105 uwa\u017cnie przeczyta\u0107 wszystkie Warunki korzystania oraz Polityk\u0119 prywatno\u015bci. Dalsze korzystanie ze strony oznacza zgod\u0119 u\u017cytkownika na przestrzeganie ustalonych warunk\u00f3w.<\/p>\n<\/div><div class=\"mx-5 sm:mx-0 prose leading-relaxed text-lg mb-5 text-left wp-paragraph\">\n<p>3.2. Serwis BMP InfoGeo mo\u017ce zawiera\u0107 linki do stron internetowych os\u00f3b trzecich lub przekierowywa\u0107 u\u017cytkownik\u00f3w do stron zewn\u0119trznych, na kt\u00f3rych mo\u017cna naby\u0107 produkty lub us\u0142ugi. W takich sytuacjach BMP InfoGeo nie ponosi odpowiedzialno\u015bci za przeprowadzone transakcje.<\/p>\n<\/div><div class=\"mx-5 sm:mx-0 prose leading-relaxed text-lg mb-5 text-left wp-paragraph\">\n<p>3.3. Gdy u\u017cytkownik zostanie przekierowany na stron\u0119 internetow\u0105 osoby trzeciej, jego obowi\u0105zkiem jest zapoznanie si\u0119 z regulaminem i polityk\u0105 tej strony internetowej oraz zaakceptowanie ich przed podj\u0119ciem jakichkolwiek dzia\u0142a\u0144.<\/p>\n<\/div><div class=\"mx-5 sm:mx-0 prose leading-relaxed text-lg mb-5 text-left wp-paragraph\">\n<p>3.4. BMP InfoGeo nie ponosi odpowiedzialno\u015bci za warunki korzystania, polityk\u0119 prywatno\u015bci ani tre\u015b\u0107 stron internetowych os\u00f3b trzecich, nawet je\u015bli dost\u0119p do nich zosta\u0142 uzyskany za po\u015brednictwem link\u00f3w na naszej platformie.<\/p>\n<\/div><div class=\"mx-5 sm:mx-0 prose leading-relaxed text-lg mb-5 text-left wp-paragraph\">\n<p>3.5. Platforma nie ponosi odpowiedzialno\u015bci za ewentualne szkody spowodowane przez z\u0142o\u015bliwe oprogramowanie, kt\u00f3re mo\u017ce zainfekowa\u0107 urz\u0105dzenia u\u017cytkownik\u00f3w podczas przegl\u0105dania strony internetowej.<\/p>\n<\/div><div class=\"mx-5 sm:mx-0 prose leading-relaxed text-lg mb-5 text-left wp-paragraph\">\n<p>3.6. U\u017cytkownicy maj\u0105 obowi\u0105zek aktualizowa\u0107 system operacyjny i oprogramowanie zabezpieczaj\u0105ce, aby chroni\u0107 swoje urz\u0105dzenia.<\/p>\n<\/div><div class=\"mx-5 sm:mx-0 prose leading-relaxed text-lg mb-5 text-left wp-paragraph\">\n<p>3.7. BMP InfoGeo nie ponosi odpowiedzialno\u015bci za straty lub szkody powsta\u0142e na skutek niew\u0142a\u015bciwego korzystania ze strony internetowej lub w sytuacjach pozostaj\u0105cych poza kontrol\u0105 firmy.<\/p>\n<\/div><div class=\"mx-5 sm:mx-0 prose leading-relaxed text-lg mb-5 text-left wp-paragraph\">\n<p>3.8. Platforma nie wymaga wp\u0142at ani przelew\u00f3w bankowych za udzielanie produkt\u00f3w finansowych.<\/p>\n<\/div><div class=\"mx-5 sm:mx-0 prose leading-relaxed text-lg mb-5 text-left wp-paragraph\">\n<p>3.9. BMP InfoGeo nie wysy\u0142a wiadomo\u015bci e-mail ani SMS z pro\u015bb\u0105 o potwierdzenie danych za pomoc\u0105 za\u0142\u0105cznik\u00f3w wykonywalnych lub link\u00f3w umo\u017cliwiaj\u0105cych instalacj\u0119 oprogramowania. Je\u017celi u\u017cytkownik otrzyma jak\u0105kolwiek podejrzan\u0105 wiadomo\u015b\u0107, powinien natychmiast skontaktowa\u0107 si\u0119 z nami.<\/p>\n<\/div><div class=\"mx-5 sm:mx-0 prose leading-relaxed text-lg mb-5 text-left wp-paragraph\">\n<p>3.10. U\u017cytkownicy s\u0105 zobowi\u0105zani do przestrzegania obowi\u0105zuj\u0105cych przepis\u00f3w prawa, nienaruszania praw os\u00f3b trzecich i nieu\u017cywania serwisu internetowego w celach niezgodnych z prawem lub niew\u0142a\u015bciwych.<\/p>\n<\/div><!--advertisement--><div class=\"mx-5 sm:mx-0 sm:text-3xl text-2xl font-medium title-font mb-4 text-gray-900 text-left\">\n<h2 class=\"wp-block-heading\"><strong>4. Zmiany w Warunkach<\/strong><\/h2>\n<\/div><div class=\"mx-5 sm:mx-0 prose leading-relaxed text-lg mb-5 text-left wp-paragraph\">\n<p>4.1. BMP InfoGeo zastrzega sobie prawo do zmiany, aktualizacji lub zast\u0105pienia niniejszych Warunk\u00f3w korzystania w dowolnym momencie, bez wcze\u015bniejszego powiadomienia u\u017cytkownik\u00f3w.<\/p>\n<\/div><div class=\"mx-5 sm:mx-0 prose leading-relaxed text-lg mb-5 text-left wp-paragraph\">\n<p>4.2. Je\u017celi u\u017cytkownik nie zgadza si\u0119 z wprowadzonymi zmianami, powinien natychmiast zaprzesta\u0107 korzystania ze strony internetowej.<\/p>\n<\/div><!--advertisement--><div class=\"mx-5 sm:mx-0 sm:text-3xl text-2xl font-medium title-font mb-4 text-gray-900 text-left\">\n<h2 class=\"wp-block-heading\"><strong>5. Wa\u017cno\u015b\u0107 i terminy sk\u0142adania reklamacji<\/strong><\/h2>\n<\/div><div class=\"mx-5 sm:mx-0 prose leading-relaxed text-lg mb-5 text-left wp-paragraph\">\n<p>5.1. Niniejsze Warunki korzystania b\u0119d\u0105 obowi\u0105zywa\u0107 przez czas nieokre\u015blony. Wszelkie roszczenia prawne lub administracyjne musz\u0105 zosta\u0107 zg\u0142oszone w ci\u0105gu 90 dni od zdarzenia b\u0119d\u0105cego podstaw\u0105 ich wniesienia.<\/p>\n<\/div><!--advertisement--><div class=\"mx-5 sm:mx-0 sm:text-3xl text-2xl font-medium title-font mb-4 text-gray-900 text-left\">\n<h2 class=\"wp-block-heading\"><strong>6. Obowi\u0105zuj\u0105ce przepisy i w\u0142a\u015bciwy s\u0105d<\/strong><\/h2>\n<\/div><div class=\"mx-5 sm:mx-0 prose leading-relaxed text-lg mb-5 text-left wp-paragraph\">\n<p><strong>6.1.<\/strong> Interpretacja, stosowanie i dalsza wa\u017cno\u015b\u0107 niniejszych Warunk\u00f3w korzystania, a tak\u017ce Polityki prywatno\u015bci BMP Infogeo, b\u0119d\u0105 regulowane obowi\u0105zuj\u0105cymi przepisami brazylijskimi, w tym mi\u0119dzy innymi Ustaw\u0105 og\u00f3ln\u0105 o ochronie danych osobowych (ustawa nr 13.709\/2018), Ramami praw obywatelskich w Internecie (ustawa nr 12.965\/2014) i Kodeksem ochrony konsument\u00f3w (ustawa nr 8.078\/1990), o ile s\u0105 one zgodne z cyfrowym charakterem platformy.<\/p>\n<\/div><div class=\"mx-5 sm:mx-0 prose leading-relaxed text-lg mb-5 text-left wp-paragraph\">\n<p><strong>6.2.<\/strong> Wszelkie spory, kontrowersje, dzia\u0142ania prawne lub procedury wynikaj\u0105ce z korzystania z BMP Infogeo b\u0119d\u0105 podlega\u0107 wy\u0142\u0105cznej jurysdykcji s\u0105d\u00f3w okr\u0119gu S\u00e3o Paulo \u2013 SP, z wyra\u017anym zrzeczeniem si\u0119 wszelkich innych, nawet uprzywilejowanych, uprawnie\u0144.<\/p>\n<\/div><div class=\"mx-5 sm:mx-0 prose leading-relaxed text-lg mb-5 text-left wp-paragraph\">\n<p><strong>6.3.<\/strong> Korzystaj\u0105c z serwisu BMP Infogeo, u\u017cytkownik wyra\u017anie przyjmuje do wiadomo\u015bci i zgadza si\u0119, \u017ce wszelkie roszczenia prawne b\u0119d\u0105 rozstrzygane w oparciu o obowi\u0105zuj\u0105ce przepisy prawa brazylijskiego, w szczeg\u00f3lno\u015bci przepisy reguluj\u0105ce us\u0142ugi cyfrowe, prywatno\u015b\u0107 danych i platformy informacyjne online.<\/p>\n<\/div>","protected":false},"excerpt":{"rendered":"<p>Aktualizacja: 18 wrze\u015bnia 2025 r. BMP InfoGeo. BMP InfoGeo to platforma, kt\u00f3ra autonomicznie zarz\u0105dza stron\u0105 internetow\u0105 dost\u0119pn\u0105 pod adresem http:\/\/bmpinfogeo.com.br\/. Naszym g\u0142\u00f3wnym celem w BMP InfoGeo jest oferowanie u\u017cytkownikom wysokiej jako\u015bci tre\u015bci, koncentruj\u0105cych si\u0119 na zr\u00f3\u017cnicowanej tematyce, w tym kurs\u00f3w, muzyki i aplikacji. Warunki korzystania\u2026 <a class=\"more-link\" href=\"https:\/\/bmpinfogeo.com.br\/pl\/terms\/\">Czytaj dalej <span class=\"screen-reader-text\">Warunki korzystania<\/span><\/a><\/p>","protected":false},"author":5,"featured_media":0,"parent":0,"menu_order":0,"comment_status":"closed","ping_status":"closed","template":"","meta":{"footnotes":""},"yoast_head":"<!-- This site is optimized with the Yoast SEO plugin v23.3 - https:\/\/yoast.com\/wordpress\/plugins\/seo\/ -->\n<title>Termos e Condi\u00e7\u00f5es de Uso - Bmp Info Geo<\/title>\n<meta name=\"robots\" content=\"index, follow, max-snippet:-1, max-image-preview:large, max-video-preview:-1\" \/>\n<link rel=\"canonical\" href=\"https:\/\/bmpinfogeo.com.br\/pl\/terms\/\" \/>\n<meta property=\"og:locale\" content=\"pl_PL\" \/>\n<meta property=\"og:type\" content=\"article\" \/>\n<meta property=\"og:title\" content=\"Termos e Condi\u00e7\u00f5es de Uso - Bmp Info Geo\" \/>\n<meta property=\"og:description\" content=\"Atualizado em 18 de setembro, 2025. BMP InfoGeo A BMP InfoGeo \u00e9 uma plataforma que opera de forma aut\u00f4noma o site dispon\u00edvel em http:\/\/bmpinfogeo.com.br\/. Nosso objetivo principal no BMP InfoGeo \u00e9 oferecer conte\u00fado de alta qualidade, com foco em temas variados, incluindo cursos, m\u00fasica e aplicativos, para nossos usu\u00e1rios. Os Termos e Condi\u00e7\u00f5es de Uso&hellip; Continue reading Termos e Condi\u00e7\u00f5es de Uso\" \/>\n<meta property=\"og:url\" content=\"https:\/\/bmpinfogeo.com.br\/pl\/terms\/\" \/>\n<meta property=\"og:site_name\" content=\"Bmp Info Geo\" \/>\n<meta property=\"article:modified_time\" content=\"2025-09-23T21:05:23+00:00\" \/>\n<meta name=\"twitter:card\" content=\"summary_large_image\" \/>\n<meta name=\"twitter:label1\" content=\"Est. reading time\" \/>\n\t<meta name=\"twitter:data1\" content=\"4 minuty\" \/>\n<script type=\"application\/ld+json\" class=\"yoast-schema-graph\">{\"@context\":\"https:\/\/schema.org\",\"@graph\":[{\"@type\":\"WebPage\",\"@id\":\"https:\/\/bmpinfogeo.com.br\/terms\/\",\"url\":\"https:\/\/bmpinfogeo.com.br\/terms\/\",\"name\":\"Termos e Condi\u00e7\u00f5es de Uso - Bmp Info Geo\",\"isPartOf\":{\"@id\":\"https:\/\/bmpinfogeo.com.br\/#website\"},\"datePublished\":\"2024-09-02T21:24:08+00:00\",\"dateModified\":\"2025-09-23T21:05:23+00:00\",\"breadcrumb\":{\"@id\":\"https:\/\/bmpinfogeo.com.br\/terms\/#breadcrumb\"},\"inLanguage\":\"pl-PL\",\"potentialAction\":[{\"@type\":\"ReadAction\",\"target\":[\"https:\/\/bmpinfogeo.com.br\/terms\/\"]}]},{\"@type\":\"BreadcrumbList\",\"@id\":\"https:\/\/bmpinfogeo.com.br\/terms\/#breadcrumb\",\"itemListElement\":[{\"@type\":\"ListItem\",\"position\":1,\"name\":\"Home\",\"item\":\"https:\/\/bmpinfogeo.com.br\/\"},{\"@type\":\"ListItem\",\"position\":2,\"name\":\"Termos e Condi\u00e7\u00f5es de Uso\"}]},{\"@type\":\"WebSite\",\"@id\":\"https:\/\/bmpinfogeo.com.br\/#website\",\"url\":\"https:\/\/bmpinfogeo.com.br\/\",\"name\":\"Bmp Info Geo\",\"description\":\"\",\"potentialAction\":[{\"@type\":\"SearchAction\",\"target\":{\"@type\":\"EntryPoint\",\"urlTemplate\":\"https:\/\/bmpinfogeo.com.br\/?s={search_term_string}\"},\"query-input\":\"required name=search_term_string\"}],\"inLanguage\":\"pl-PL\"}]}<\/script>\n<!-- \/ Yoast SEO plugin. -->","yoast_head_json":{"title":"Termos e Condi\u00e7\u00f5es de Uso - Bmp Info Geo","robots":{"index":"index","follow":"follow","max-snippet":"max-snippet:-1","max-image-preview":"max-image-preview:large","max-video-preview":"max-video-preview:-1"},"canonical":"https:\/\/bmpinfogeo.com.br\/pl\/terms\/","og_locale":"pl_PL","og_type":"article","og_title":"Termos e Condi\u00e7\u00f5es de Uso - Bmp Info Geo","og_description":"Atualizado em 18 de setembro, 2025. BMP InfoGeo A BMP InfoGeo \u00e9 uma plataforma que opera de forma aut\u00f4noma o site dispon\u00edvel em http:\/\/bmpinfogeo.com.br\/. Nosso objetivo principal no BMP InfoGeo \u00e9 oferecer conte\u00fado de alta qualidade, com foco em temas variados, incluindo cursos, m\u00fasica e aplicativos, para nossos usu\u00e1rios. Os Termos e Condi\u00e7\u00f5es de Uso&hellip; Continue reading Termos e Condi\u00e7\u00f5es de Uso","og_url":"https:\/\/bmpinfogeo.com.br\/pl\/terms\/","og_site_name":"Bmp Info Geo","article_modified_time":"2025-09-23T21:05:23+00:00","twitter_card":"summary_large_image","twitter_misc":{"Est. reading time":"4 minuty"},"schema":{"@context":"https:\/\/schema.org","@graph":[{"@type":"WebPage","@id":"https:\/\/bmpinfogeo.com.br\/terms\/","url":"https:\/\/bmpinfogeo.com.br\/terms\/","name":"Termos e Condi\u00e7\u00f5es de Uso - Bmp Info Geo","isPartOf":{"@id":"https:\/\/bmpinfogeo.com.br\/#website"},"datePublished":"2024-09-02T21:24:08+00:00","dateModified":"2025-09-23T21:05:23+00:00","breadcrumb":{"@id":"https:\/\/bmpinfogeo.com.br\/terms\/#breadcrumb"},"inLanguage":"pl-PL","potentialAction":[{"@type":"ReadAction","target":["https:\/\/bmpinfogeo.com.br\/terms\/"]}]},{"@type":"BreadcrumbList","@id":"https:\/\/bmpinfogeo.com.br\/terms\/#breadcrumb","itemListElement":[{"@type":"ListItem","position":1,"name":"Home","item":"https:\/\/bmpinfogeo.com.br\/"},{"@type":"ListItem","position":2,"name":"Termos e Condi\u00e7\u00f5es de Uso"}]},{"@type":"WebSite","@id":"https:\/\/bmpinfogeo.com.br\/#website","url":"https:\/\/bmpinfogeo.com.br\/","name":"Bmp Info Geo","description":"","potentialAction":[{"@type":"SearchAction","target":{"@type":"EntryPoint","urlTemplate":"https:\/\/bmpinfogeo.com.br\/?s={search_term_string}"},"query-input":"required name=search_term_string"}],"inLanguage":"pl-PL"}]}},"_links":{"self":[{"href":"https:\/\/bmpinfogeo.com.br\/pl\/wp-json\/wp\/v2\/pages\/94"}],"collection":[{"href":"https:\/\/bmpinfogeo.com.br\/pl\/wp-json\/wp\/v2\/pages"}],"about":[{"href":"https:\/\/bmpinfogeo.com.br\/pl\/wp-json\/wp\/v2\/types\/page"}],"author":[{"embeddable":true,"href":"https:\/\/bmpinfogeo.com.br\/pl\/wp-json\/wp\/v2\/users\/5"}],"replies":[{"embeddable":true,"href":"https:\/\/bmpinfogeo.com.br\/pl\/wp-json\/wp\/v2\/comments?post=94"}],"version-history":[{"count":4,"href":"https:\/\/bmpinfogeo.com.br\/pl\/wp-json\/wp\/v2\/pages\/94\/revisions"}],"predecessor-version":[{"id":1062,"href":"https:\/\/bmpinfogeo.com.br\/pl\/wp-json\/wp\/v2\/pages\/94\/revisions\/1062"}],"wp:attachment":[{"href":"https:\/\/bmpinfogeo.com.br\/pl\/wp-json\/wp\/v2\/media?parent=94"}],"curies":[{"name":"wp","href":"https:\/\/api.w.org\/{rel}","templated":true}]}}