{"id":96,"date":"2024-09-02T21:26:27","date_gmt":"2024-09-02T21:26:27","guid":{"rendered":"http:\/\/bmpinfogeo.atpnd.com\/?page_id=96"},"modified":"2025-12-11T17:33:50","modified_gmt":"2025-12-11T17:33:50","slug":"about","status":"publish","type":"page","link":"https:\/\/bmpinfogeo.com.br\/ja\/about\/","title":{"rendered":"\u306e\u4e0a"},"content":{"rendered":"<div class=\"mx-5 sm:mx-0 prose leading-relaxed text-lg mb-5 text-left wp-paragraph\">\n<p>BMP InfoGeo\u3067\u306f\u3001\u5b66\u3073\u3001\u697d\u3057\u307f\u3001\u305d\u3057\u3066\u65b0\u3057\u3044\u6a5f\u4f1a\u306e\u8ffd\u6c42\u306f\u3001\u5e38\u306b\u8abf\u548c\u3057\u3066\u9032\u3080\u3079\u304d\u3060\u3068\u8003\u3048\u3066\u3044\u307e\u3059\u3002\u30c8\u30ec\u30fc\u30cb\u30f3\u30b0\u30b3\u30fc\u30b9\u3001\u91d1\u878d\u306e\u30d2\u30f3\u30c8\u3001\u6c42\u4eba\u60c5\u5831\u304b\u3089\u3001\u97f3\u697d\u3084\u30a2\u30d7\u30ea\u306e\u6700\u65b0\u30cb\u30e5\u30fc\u30b9\u307e\u3067\u3001\u69d8\u3005\u306a\u30c8\u30d4\u30c3\u30af\u3092\u63a2\u6c42\u3067\u304d\u308b\u4fe1\u983c\u3067\u304d\u308b\u60c5\u5831\u6e90\u3067\u3059\u3002 <\/p>\n<\/div><div class=\"mx-5 sm:mx-0 prose leading-relaxed text-lg mb-5 text-left wp-paragraph\">\n<p>\u79c1\u305f\u3061\u306e\u76ee\u6a19\u306f\u3001\u591a\u69d8\u3067\u95a2\u9023\u6027\u306e\u3042\u308b\u30b3\u30f3\u30c6\u30f3\u30c4\u3092\u63d0\u4f9b\u3057\u3066\u3042\u306a\u305f\u306e\u65e5\u5e38\u751f\u6d3b\u3092\u8c4a\u304b\u306b\u3057\u3001\u4eba\u751f\u306e\u3055\u307e\u3056\u307e\u306a\u5206\u91ce\u3067\u306e\u6210\u9577\u3092\u652f\u63f4\u3059\u308b\u3053\u3068\u3067\u3059\u3002<\/p>\n<\/div><div class=\"mx-5 sm:mx-0 prose leading-relaxed text-lg mb-5 text-left wp-paragraph\">\n<p>\u71b1\u610f\u3068\u60c5\u71b1\u306b\u3042\u3075\u308c\u305f\u30c1\u30fc\u30e0\u304c\u6700\u9ad8\u306e\u30ea\u30bd\u30fc\u30b9\u3092\u7d50\u96c6\u3057\u3001\u9ad8\u54c1\u8cea\u3067\u5b9f\u7528\u7684\u3001\u305d\u3057\u3066\u5e38\u306b\u6700\u65b0\u306e\u60c5\u5831\u306b\u30a2\u30af\u30bb\u30b9\u3067\u304d\u308b\u3088\u3046\u306b\u3057\u307e\u3059\u3002 <\/p>\n<\/div><div class=\"mx-5 sm:mx-0 prose leading-relaxed text-lg mb-5 text-left wp-paragraph\">\n<p>\u79c1\u305f\u3061\u306f\u3001\u3042\u306a\u305f\u306e\u77e5\u8b58\u3092\u5e83\u3052\u305f\u308a\u3001\u6700\u9ad8\u306e\u97f3\u697d\u3092\u898b\u3064\u3051\u305f\u308a\u3001\u65b0\u3057\u3044\u30a2\u30d7\u30ea\u3067\u4e00\u65e5\u3092\u6700\u9069\u5316\u3057\u305f\u308a\u3001\u91d1\u878d\u3084\u6c42\u4eba\u5e02\u5834\u306e\u65b0\u3057\u3044\u53ef\u80fd\u6027\u3092\u63a2\u3063\u305f\u308a\u3059\u308b\u306a\u3069\u3001\u3042\u306a\u305f\u306e\u30c7\u30b8\u30bf\u30eb \u30ac\u30a4\u30c9\u306b\u306a\u308a\u305f\u3044\u3068\u8003\u3048\u3066\u3044\u307e\u3059\u3002<\/p>\n<\/div><!--advertisement--><div class=\"mx-5 sm:mx-0 sm:text-3xl text-2xl font-medium title-font mb-4 text-gray-900 text-left\">\n<h2 class=\"wp-block-heading\"><strong>\u79c1\u305f\u3061\u306b\u3064\u3044\u3066<\/strong><\/h2>\n<\/div><div class=\"mx-5 sm:mx-0 prose leading-relaxed text-lg mb-5 text-left wp-paragraph\">\n<p>BMP InfoGeo \u306f\u3001\u6559\u80b2\u3001\u30a8\u30f3\u30bf\u30fc\u30c6\u30a4\u30e1\u30f3\u30c8\u3001\u81ea\u5df1\u5553\u767a\u306a\u3069\u3001\u3055\u307e\u3056\u307e\u306a\u5206\u91ce\u306b\u308f\u305f\u308b\u4fa1\u5024\u3042\u308b\u30b3\u30f3\u30c6\u30f3\u30c4\u3092\u63d0\u4f9b\u3059\u308b\u305f\u3081\u306b\u4f5c\u6210\u3055\u308c\u305f\u3001\u5b8c\u5168\u304b\u3064\u30c0\u30a4\u30ca\u30df\u30c3\u30af\u306a\u30d7\u30e9\u30c3\u30c8\u30d5\u30a9\u30fc\u30e0\u3067\u3059\u3002 <\/p>\n<\/div><div class=\"mx-5 sm:mx-0 prose leading-relaxed text-lg mb-5 text-left wp-paragraph\">\n<p>\u79c1\u305f\u3061\u306f\u3001\u3042\u306a\u305f\u306e\u30ad\u30e3\u30ea\u30a2\u3092\u5411\u4e0a\u3055\u305b\u308b\u30b3\u30fc\u30b9\u3092\u898b\u3064\u3051\u305f\u308a\u3001\u3042\u3089\u3086\u308b\u77ac\u9593\u306b\u3074\u3063\u305f\u308a\u306e\u7d20\u6674\u3089\u3057\u3044\u97f3\u697d\u3092\u767a\u898b\u3057\u305f\u308a\u3001\u65e5\u5e38\u751f\u6d3b\u3067\u5f79\u7acb\u3064\u30a2\u30d7\u30ea\u3092\u4f7f\u7528\u3057\u305f\u308a\u3001\u91d1\u878d\u30bd\u30ea\u30e5\u30fc\u30b7\u30e7\u30f3\u3092\u63a2\u3057\u305f\u308a\u3001\u3055\u3089\u306b\u306f\u65b0\u3057\u3044\u4ed5\u4e8b\u3092\u63a2\u3059\u305f\u3081\u306e\u30ac\u30a4\u30c9\u3092\u3057\u305f\u308a\u3059\u308b\u305f\u3081\u306b\u3053\u3053\u306b\u3044\u307e\u3059\u3002<\/p>\n<\/div><div class=\"mx-5 sm:mx-0 prose leading-relaxed text-lg mb-5 text-left wp-paragraph\">\n<p>\u5f53\u793e\u306e\u30c1\u30fc\u30e0\u306f\u3001\u8cea\u306e\u9ad8\u3044\u60c5\u5831\u306b\u60c5\u71b1\u3092\u50be\u3051\u308b\u5c02\u9580\u5bb6\u3067\u69cb\u6210\u3055\u308c\u3066\u304a\u308a\u3001\u30c7\u30b8\u30bf\u30eb\u3068\u30d7\u30ed\u30d5\u30a7\u30c3\u30b7\u30e7\u30ca\u30eb\u306e\u4e16\u754c\u3067\u6700\u3082\u8208\u5473\u6df1\u3044\u4e8b\u67c4\u306b\u3064\u3044\u3066\u5341\u5206\u306a\u60c5\u5831\u3092\u5165\u624b\u3057\u3001\u3064\u306a\u304c\u308a\u3092\u4fdd\u3064\u305f\u3081\u306b\u5fc5\u8981\u306a\u3059\u3079\u3066\u306e\u3082\u306e\u306b\u30a2\u30af\u30bb\u30b9\u3067\u304d\u308b\u3088\u3046\u306b\u3059\u308b\u305f\u3081\u306b\u305f\u3086\u307e\u306c\u52aa\u529b\u3092\u7d9a\u3051\u3066\u3044\u307e\u3059\u3002<\/p>\n<\/div><div class=\"mx-5 sm:mx-0 prose leading-relaxed text-lg mb-5 text-left wp-paragraph\">\n<p><strong>\u79c1\u305f\u3061\u306e\u4f7f\u547d<\/strong><\/p>\n<\/div><div class=\"mx-5 sm:mx-0 prose leading-relaxed text-lg mb-5 text-left wp-paragraph\">\n<p>\u79c1\u305f\u3061\u306e\u4f7f\u547d\u306f\u3001\u500b\u4eba\u7684\u304a\u3088\u3073\u5c02\u9580\u7684\u306a\u6210\u9577\u3092\u6c42\u3081\u308b\u3059\u3079\u3066\u306e\u4eba\u306b\u3001\u30a2\u30af\u30bb\u30b9\u3057\u3084\u3059\u304f\u3001\u30c0\u30a4\u30ca\u30df\u30c3\u30af\u3067\u5b9f\u7528\u7684\u306a\u30b3\u30f3\u30c6\u30f3\u30c4\u3092\u63d0\u4f9b\u3059\u308b\u3053\u3068\u3067\u3059\u3002 <\/p>\n<\/div><div class=\"mx-5 sm:mx-0 prose leading-relaxed text-lg mb-5 text-left wp-paragraph\">\n<p>\u79c1\u305f\u3061\u306f\u3001\u30b3\u30fc\u30b9\u3084\u6559\u80b2\u30ea\u30bd\u30fc\u30b9\u3001\u611f\u52d5\u7684\u306a\u97f3\u697d\u3001\u65e5\u3005\u306e\u751f\u6d3b\u3092\u6700\u9069\u5316\u3059\u308b\u9769\u65b0\u7684\u306a\u30a2\u30d7\u30ea\u3001\u52b9\u679c\u7684\u306a\u91d1\u878d\u30bd\u30ea\u30e5\u30fc\u30b7\u30e7\u30f3\u3001\u6c42\u4eba\u5e02\u5834\u306e\u6700\u65b0\u60c5\u5831\u306a\u3069\u3001\u983c\u308a\u306b\u306a\u308b\u60c5\u5831\u6e90\u306b\u306a\u308a\u305f\u3044\u3068\u8003\u3048\u3066\u3044\u307e\u3059\u3002 <\/p>\n<\/div><div class=\"mx-5 sm:mx-0 prose leading-relaxed text-lg mb-5 text-left wp-paragraph\">\n<p>\u79c1\u305f\u3061\u306f\u3001\u6559\u80b2\u3068\u30a8\u30f3\u30bf\u30fc\u30c6\u30a4\u30f3\u30e1\u30f3\u30c8\u306f\u4e21\u7acb\u3067\u304d\u308b\u3001\u305d\u3057\u3066\u4e21\u7acb\u3059\u3079\u304d\u3060\u3068\u4fe1\u3058\u3066\u3044\u307e\u3059\u3002<\/p>\n<\/div><div class=\"mx-5 sm:mx-0 prose leading-relaxed text-lg mb-5 text-left wp-paragraph\">\n<p>\u5f53\u793e\u306f\u3001\u660e\u78ba\u3067\u6b63\u76f4\u3001\u304b\u3064\u7c21\u5358\u306b\u30a2\u30af\u30bb\u30b9\u3067\u304d\u308b\u60c5\u5831\u3092\u63d0\u4f9b\u3057\u3001\u65b0\u3057\u3044\u30b9\u30ad\u30eb\u306e\u7fd2\u5f97\u3001\u65b0\u3057\u3044\u97f3\u697d\u306e\u767a\u898b\u3001\u751f\u7523\u6027\u3068\u8ca1\u52d9\u306e\u6700\u5927\u5316\u306a\u3069\u3001\u5e38\u306b\u304a\u5ba2\u69d8\u306b\u771f\u306e\u4fa1\u5024\u3092\u304a\u5c4a\u3051\u3059\u308b\u3088\u3046\u52aa\u3081\u3066\u3044\u307e\u3059\u3002<\/p>\n<\/div><!--advertisement--><div class=\"mx-5 sm:mx-0 sm:text-3xl text-2xl font-medium title-font mb-4 text-gray-900 text-left\">\n<h2 class=\"wp-block-heading\"><strong>\u3053\u3053\u3067\u898b\u3064\u304b\u308b\u3082\u306e<\/strong><\/h2>\n<\/div><div class=\"mx-5 sm:mx-0 prose leading-relaxed text-lg mb-5 text-left wp-paragraph\">\n<p>\u79c1\u305f\u3061\u306f\u3001\u95a2\u9023\u3059\u308b\u30c8\u30d4\u30c3\u30af\u3068\u30a2\u30af\u30bb\u30b9\u3057\u3084\u3059\u3044\u5b9f\u8df5\u65b9\u6cd5\u3092\u53d6\u308a\u5165\u308c\u3066\u3001\u304a\u5ba2\u69d8\u306e\u3042\u3089\u3086\u308b\u30cb\u30fc\u30ba\u3092\u6e80\u305f\u3059\u3088\u3046\u306b\u30b3\u30f3\u30c6\u30f3\u30c4\u3092\u69cb\u6210\u3057\u307e\u3057\u305f\u3002<\/p>\n<\/div><div class=\"mx-5 sm:mx-0 prose leading-relaxed text-lg mb-5 text-left wp-paragraph\">\n<p>\ud83d\udd39 <strong>\u30b3\u30fc\u30b9\u3068\u30c8\u30ec\u30fc\u30cb\u30f3\u30b0<\/strong><br>\u6280\u8853\u30b9\u30ad\u30eb\u304b\u3089\u81ea\u5df1\u5553\u767a\u307e\u3067\u3001\u8cea\u306e\u9ad8\u3044\u30b3\u30fc\u30b9\u3092\u5e45\u5e83\u304f\u3054\u7528\u610f\u3057\u3066\u3044\u307e\u3059\u3002\u65b0\u3057\u3044\u8077\u696d\u306e\u7fd2\u5f97\u304b\u3089\u3001\u81ea\u5df1\u6210\u9577\u306e\u305f\u3081\u306e\u77e5\u8b58\u306e\u62e1\u5927\u307e\u3067\u3001\u76ee\u6a19\u9054\u6210\u306b\u5f79\u7acb\u3064\u30b3\u30fc\u30b9\u3092\u3054\u63d0\u6848\u3044\u305f\u3057\u307e\u3059\u3002<\/p>\n<\/div><div class=\"mx-5 sm:mx-0 prose leading-relaxed text-lg mb-5 text-left wp-paragraph\">\n<p>\ud83d\udd39 <strong>\u97f3\u697d\u3068\u30a8\u30f3\u30bf\u30fc\u30c6\u30a4\u30e1\u30f3\u30c8<\/strong><br>\u30a4\u30f3\u30b9\u30d4\u30ec\u30fc\u30b7\u30e7\u30f3\u3092\u4e0e\u3048\u3001\u3042\u306a\u305f\u306e\u4e00\u65e5\u3092\u660e\u308b\u304f\u3057\u3066\u304f\u308c\u308b\u30d7\u30ec\u30a4\u30ea\u30b9\u30c8\u3001\u30cb\u30e5\u30fc\u30ea\u30ea\u30fc\u30b9\u3001\u305d\u3057\u3066\u66f2\u3092\u898b\u3064\u3051\u307e\u3057\u3087\u3046\u3002\u79c1\u305f\u3061\u306f\u3001\u3042\u306a\u305f\u306e\u30b9\u30bf\u30a4\u30eb\u3084\u611f\u60c5\u3092\u53cd\u6620\u3057\u305f\u97f3\u697d\u3068\u306e\u7e4b\u304c\u308a\u3092\u304a\u624b\u4f1d\u3044\u3057\u3001\u97f3\u697d\u30b7\u30fc\u30f3\u306e\u30c8\u30ec\u30f3\u30c9\u3084\u30cb\u30e5\u30fc\u30ea\u30ea\u30fc\u30b9\u306e\u6700\u65b0\u60c5\u5831\u3092\u304a\u5c4a\u3051\u3057\u307e\u3059\u3002<\/p>\n<\/div><div class=\"mx-5 sm:mx-0 prose leading-relaxed text-lg mb-5 text-left wp-paragraph\">\n<p>\ud83d\udd39 <strong>\u30c7\u30b8\u30bf\u30eb\u30a2\u30d7\u30ea\u30b1\u30fc\u30b7\u30e7\u30f3\u3068\u30c4\u30fc\u30eb<\/strong><br>\u4e00\u65e5\u3092\u3088\u308a\u52b9\u7387\u7684\u304b\u3064\u751f\u7523\u7684\u306b\u904e\u3054\u3059\u305f\u3081\u306e\u6700\u9069\u306a\u30a2\u30d7\u30ea\u3092\u898b\u3064\u3051\u307e\u3057\u3087\u3046\u3002\u500b\u4eba\u7684\u306a\u6574\u7406\u3001\u8ca1\u52d9\u7ba1\u7406\u3001\u30a8\u30f3\u30bf\u30fc\u30c6\u30a4\u30e1\u30f3\u30c8\u306a\u3069\u3001\u30c7\u30b8\u30bf\u30eb\u4f53\u9a13\u3092\u5411\u4e0a\u3055\u305b\u308b\u6700\u9069\u306a\u30a2\u30d7\u30ea\u3092\u3054\u7d39\u4ecb\u3057\u307e\u3059\u3002<\/p>\n<\/div><div class=\"mx-5 sm:mx-0 prose leading-relaxed text-lg mb-5 text-left wp-paragraph\">\n<p>\ud83d\udd39 <strong>\u91d1\u878d\u3068\u7d4c\u6e08\u306e\u30d2\u30f3\u30c8<\/strong><br>\u57fa\u672c\u7684\u306a\u91d1\u878d\u306e\u6982\u5ff5\u3092\u7406\u89e3\u3057\u3001\u304a\u91d1\u3092\u7ba1\u7406\u3057\u3001\u8ce2\u304f\u8caf\u84c4\u3084\u6295\u8cc7\u3092\u884c\u3046\u65b9\u6cd5\u306b\u95a2\u3059\u308b\u5b9f\u7528\u7684\u306a\u30d2\u30f3\u30c8\u3092\u5165\u624b\u3057\u3001\u7d4c\u6e08\u5206\u91ce\u306e\u6700\u65b0\u30cb\u30e5\u30fc\u30b9\u3092\u5e38\u306b\u628a\u63e1\u3057\u307e\u3057\u3087\u3046\u3002<\/p>\n<\/div><div class=\"mx-5 sm:mx-0 prose leading-relaxed text-lg mb-5 text-left wp-paragraph\">\n<p>\ud83d\udd39 <strong>\u4ed5\u4e8b\u3068\u30ad\u30e3\u30ea\u30a2\u306e\u6a5f\u4f1a<\/strong><br>\u6c42\u4eba\u60c5\u5831\u3084\u5e02\u5834\u306b\u304a\u3051\u308b\u6700\u9069\u306a\u6a5f\u4f1a\u306b\u95a2\u3059\u308b\u60c5\u5831\u3092\u5e38\u306b\u628a\u63e1\u3057\u3066\u304a\u304d\u307e\u3057\u3087\u3046\u3002\u5927\u4f01\u696d\u3067\u3082\u65b0\u8208\u30bb\u30af\u30bf\u30fc\u3067\u3082\u3001\u30ad\u30e3\u30ea\u30a2\u30a2\u30c3\u30d7\u3078\u306e\u6700\u9069\u306a\u9053\u3092\u898b\u3064\u3051\u308b\u304a\u624b\u4f1d\u3044\u3092\u3044\u305f\u3057\u307e\u3059\u3002<\/p>\n<\/div><!--advertisement--><div class=\"mx-5 sm:mx-0 sm:text-3xl text-2xl font-medium title-font mb-4 text-gray-900 text-left\">\n<h2 class=\"wp-block-heading\"><strong>\u79c1\u305f\u3061\u306e\u30a2\u30d7\u30ed\u30fc\u30c1<\/strong><\/h2>\n<\/div><div class=\"mx-5 sm:mx-0 prose leading-relaxed text-lg mb-5 text-left wp-paragraph\">\n<p>BMP InfoGeo\u306f\u3001\u900f\u660e\u6027\u3068\u8cea\u306e\u9ad8\u3044\u30b3\u30f3\u30c6\u30f3\u30c4\u306e\u63d0\u4f9b\u306b\u6ce8\u529b\u3057\u3066\u3044\u307e\u3059\u3002\u8a73\u7d30\u306a\u8abf\u67fb\u3068\u5b9f\u7528\u7684\u306a\u60c5\u5831\u306b\u57fa\u3065\u304d\u3001\u304a\u5ba2\u69d8\u306e\u76ee\u6a19\u9054\u6210\u3092\u30b5\u30dd\u30fc\u30c8\u3059\u308b\u305f\u3081\u3001\u3059\u3079\u3066\u3092\u81ea\u793e\u3067\u5236\u4f5c\u3057\u3066\u3044\u307e\u3059\u3002 <\/p>\n<\/div><div class=\"mx-5 sm:mx-0 prose leading-relaxed text-lg mb-5 text-left wp-paragraph\">\n<p>\u79c1\u305f\u3061\u306f\u7a7a\u7d04\u675f\u306f\u3057\u307e\u305b\u3093\u3002\u305d\u306e\u4ee3\u308f\u308a\u306b\u3001\u30ad\u30e3\u30ea\u30a2\u306e\u958b\u767a\u3001\u65b0\u3057\u3044\u30a2\u30d7\u30ea\u306e\u9078\u629e\u3001\u500b\u4eba\u306e\u8ca1\u52d9\u306e\u6700\u9069\u5316\u306a\u3069\u3001\u3042\u306a\u305f\u306e\u4eba\u751f\u306b\u672c\u5f53\u306b\u5909\u5316\u3092\u3082\u305f\u3089\u3059\u30b3\u30f3\u30c6\u30f3\u30c4\u3092\u63d0\u4f9b\u3059\u308b\u3053\u3068\u306b\u52aa\u3081\u3066\u3044\u307e\u3059\u3002<\/p>\n<\/div><div class=\"mx-5 sm:mx-0 prose leading-relaxed text-lg mb-5 text-left wp-paragraph\">\n<p>\u79c1\u305f\u3061\u306f\u3001\u77e5\u8b58\u306f\u8ab0\u3082\u304c\u30a2\u30af\u30bb\u30b9\u3067\u304d\u308b\u3079\u304d\u3060\u3068\u4fe1\u3058\u3066\u3044\u307e\u3059\u3002\u3060\u304b\u3089\u3053\u305d\u3001\u79c1\u305f\u3061\u306e\u30b3\u30f3\u30c6\u30f3\u30c4\u306f\u3001\u3042\u306a\u305f\u304c\u5b66\u7fd2\u306e\u3069\u306e\u6bb5\u968e\u306b\u3044\u3066\u3082\u3001\u660e\u78ba\u3067\u76f4\u63a5\u7684\u3001\u305d\u3057\u3066\u5f79\u7acb\u3064\u3082\u306e\u306b\u306a\u3063\u3066\u3044\u307e\u3059\u3002 <\/p>\n<\/div><div class=\"mx-5 sm:mx-0 prose leading-relaxed text-lg mb-5 text-left wp-paragraph\">\n<p>BMP InfoGeo \u306f\u3001\u30c7\u30b8\u30bf\u30eb\u3001\u5c02\u9580\u3001\u500b\u4eba\u306e\u6210\u9577\u306e\u3042\u3089\u3086\u308b\u6bb5\u968e\u3067\u304a\u5ba2\u69d8\u3092\u30b5\u30dd\u30fc\u30c8\u3057\u307e\u3059\u3002<\/p>\n<\/div>","protected":false},"excerpt":{"rendered":"<p>BMP InfoGeo\u3067\u306f\u3001\u5b66\u3073\u3001\u697d\u3057\u307f\u3001\u305d\u3057\u3066\u65b0\u3057\u3044\u6a5f\u4f1a\u306e\u8ffd\u6c42\u306f\u3001\u5e38\u306b\u5bc6\u63a5\u306b\u7d50\u3073\u3064\u3044\u3066\u3044\u308b\u3079\u304d\u3060\u3068\u8003\u3048\u3066\u3044\u307e\u3059\u3002\u30c8\u30ec\u30fc\u30cb\u30f3\u30b0\u30b3\u30fc\u30b9\u3001\u91d1\u878d\u306e\u30d2\u30f3\u30c8\u3001\u6c42\u4eba\u60c5\u5831\u304b\u3089\u3001\u97f3\u697d\u3084\u30a2\u30d7\u30ea\u306e\u6700\u65b0\u30cb\u30e5\u30fc\u30b9\u307e\u3067\u3001\u69d8\u3005\u306a\u30c8\u30d4\u30c3\u30af\u3092\u63a2\u6c42\u3059\u308b\u305f\u3081\u306e\u4fe1\u983c\u3067\u304d\u308b\u60c5\u5831\u6e90\u3067\u3059\u3002\u79c1\u305f\u3061\u306e\u76ee\u6a19\u306f\u3001\u591a\u69d8\u3067\u95a2\u9023\u6027\u306e\u3042\u308b\u30b3\u30f3\u30c6\u30f3\u30c4\u3092\u63d0\u4f9b\u3059\u308b\u3053\u3068\u3067\u3001\u304a\u5ba2\u69d8\u306e\u65e5\u5e38\u751f\u6d3b\u3092\u8c4a\u304b\u306b\u3057\u3001\u4eba\u751f\u306e\u69d8\u3005\u306a\u5206\u91ce\u3067\u6210\u9577\u3067\u304d\u308b\u3088\u3046\u304a\u624b\u4f1d\u3044\u3059\u308b\u3053\u3068\u3067\u3059\u3002\u732e\u8eab\u7684\u3067\u60c5\u71b1\u7684\u306a\u30c1\u30fc\u30e0\u3068\u5171\u306b\u3001\u8cea\u306e\u9ad8\u3044\u3001\u5b9f\u7528\u7684\u3067\u3001\u5e38\u306b\u6700\u65b0\u306e\u60c5\u5831\u306b\u30a2\u30af\u30bb\u30b9\u3067\u304d\u308b\u3088\u3046\u3001\u6700\u9ad8\u306e\u30ea\u30bd\u30fc\u30b9\u3092\u7d50\u96c6\u3057\u3066\u3044\u307e\u3059\u3002\u77e5\u8b58\u3092\u5e83\u3052\u305f\u308a\u3001\u6700\u9ad8\u306e\u97f3\u697d\u3092\u898b\u3064\u3051\u305f\u308a\u3001\u30e9\u30a4\u30d5\u30b9\u30bf\u30a4\u30eb\u3092\u6700\u9069\u5316\u3057\u305f\u308a\u2026\u306a\u3069\u3001BMP InfoGeo\u306f\u304a\u5ba2\u69d8\u306e\u30c7\u30b8\u30bf\u30eb\u30ac\u30a4\u30c9\u3067\u3042\u308a\u305f\u3044\u3068\u8003\u3048\u3066\u3044\u307e\u3059\u3002 <a class=\"more-link\" href=\"https:\/\/bmpinfogeo.com.br\/ja\/about\/\">\u7d9a\u304d\u3092\u8aad\u3080 <span class=\"screen-reader-text\">\u306e\u4e0a<\/span><\/a><\/p>","protected":false},"author":5,"featured_media":0,"parent":0,"menu_order":0,"comment_status":"closed","ping_status":"closed","template":"","meta":{"footnotes":""},"yoast_head":"<!-- This site is optimized with the Yoast SEO plugin v23.3 - https:\/\/yoast.com\/wordpress\/plugins\/seo\/ -->\n<title>Sobre - Bmp Info Geo<\/title>\n<meta name=\"robots\" content=\"index, follow, max-snippet:-1, max-image-preview:large, max-video-preview:-1\" \/>\n<link rel=\"canonical\" href=\"https:\/\/bmpinfogeo.com.br\/ja\/about\/\" \/>\n<meta property=\"og:locale\" content=\"ja_JP\" \/>\n<meta property=\"og:type\" content=\"article\" \/>\n<meta property=\"og:title\" content=\"Sobre - Bmp Info Geo\" \/>\n<meta property=\"og:description\" content=\"No BMP InfoGeo, acreditamos que o aprendizado, a divers\u00e3o e a busca por novas oportunidades devem caminhar juntos. Somos sua fonte de informa\u00e7\u00e3o confi\u00e1vel para explorar uma variedade de temas, desde cursos de capacita\u00e7\u00e3o, dicas financeiras e oportunidades de emprego at\u00e9 as \u00faltimas novidades em m\u00fasicas e aplicativos. Nosso objetivo \u00e9 fornecer conte\u00fado diversificado e relevante para enriquecer sua rotina, ajudando voc\u00ea a evoluir em diferentes \u00e1reas da sua vida. Com uma equipe dedicada e apaixonada, reunimos os melhores recursos para garantir que voc\u00ea tenha acesso a informa\u00e7\u00f5es de qualidade, pr\u00e1ticas e sempre atualizadas. Queremos ser seu guia digital, seja para ampliar seus conhecimentos, encontrar as melhores m\u00fasicas, otimizar seu&hellip; Continue reading Sobre\" \/>\n<meta property=\"og:url\" content=\"https:\/\/bmpinfogeo.com.br\/ja\/about\/\" \/>\n<meta property=\"og:site_name\" content=\"Bmp Info Geo\" \/>\n<meta property=\"article:modified_time\" content=\"2025-12-11T17:33:50+00:00\" \/>\n<meta name=\"twitter:card\" content=\"summary_large_image\" \/>\n<meta name=\"twitter:label1\" content=\"Est. reading time\" \/>\n\t<meta name=\"twitter:data1\" content=\"3\u5206\" \/>\n<script type=\"application\/ld+json\" class=\"yoast-schema-graph\">{\"@context\":\"https:\/\/schema.org\",\"@graph\":[{\"@type\":\"WebPage\",\"@id\":\"https:\/\/bmpinfogeo.com.br\/about\/\",\"url\":\"https:\/\/bmpinfogeo.com.br\/about\/\",\"name\":\"Sobre - Bmp Info Geo\",\"isPartOf\":{\"@id\":\"https:\/\/bmpinfogeo.com.br\/#website\"},\"datePublished\":\"2024-09-02T21:26:27+00:00\",\"dateModified\":\"2025-12-11T17:33:50+00:00\",\"breadcrumb\":{\"@id\":\"https:\/\/bmpinfogeo.com.br\/about\/#breadcrumb\"},\"inLanguage\":\"ja\",\"potentialAction\":[{\"@type\":\"ReadAction\",\"target\":[\"https:\/\/bmpinfogeo.com.br\/about\/\"]}]},{\"@type\":\"BreadcrumbList\",\"@id\":\"https:\/\/bmpinfogeo.com.br\/about\/#breadcrumb\",\"itemListElement\":[{\"@type\":\"ListItem\",\"position\":1,\"name\":\"Home\",\"item\":\"https:\/\/bmpinfogeo.com.br\/\"},{\"@type\":\"ListItem\",\"position\":2,\"name\":\"Sobre\"}]},{\"@type\":\"WebSite\",\"@id\":\"https:\/\/bmpinfogeo.com.br\/#website\",\"url\":\"https:\/\/bmpinfogeo.com.br\/\",\"name\":\"Bmp Info Geo\",\"description\":\"\",\"potentialAction\":[{\"@type\":\"SearchAction\",\"target\":{\"@type\":\"EntryPoint\",\"urlTemplate\":\"https:\/\/bmpinfogeo.com.br\/?s={search_term_string}\"},\"query-input\":\"required name=search_term_string\"}],\"inLanguage\":\"ja\"}]}<\/script>\n<!-- \/ Yoast SEO plugin. -->","yoast_head_json":{"title":"Sobre - Bmp Info Geo","robots":{"index":"index","follow":"follow","max-snippet":"max-snippet:-1","max-image-preview":"max-image-preview:large","max-video-preview":"max-video-preview:-1"},"canonical":"https:\/\/bmpinfogeo.com.br\/ja\/about\/","og_locale":"ja_JP","og_type":"article","og_title":"Sobre - Bmp Info Geo","og_description":"No BMP InfoGeo, acreditamos que o aprendizado, a divers\u00e3o e a busca por novas oportunidades devem caminhar juntos. Somos sua fonte de informa\u00e7\u00e3o confi\u00e1vel para explorar uma variedade de temas, desde cursos de capacita\u00e7\u00e3o, dicas financeiras e oportunidades de emprego at\u00e9 as \u00faltimas novidades em m\u00fasicas e aplicativos. Nosso objetivo \u00e9 fornecer conte\u00fado diversificado e relevante para enriquecer sua rotina, ajudando voc\u00ea a evoluir em diferentes \u00e1reas da sua vida. Com uma equipe dedicada e apaixonada, reunimos os melhores recursos para garantir que voc\u00ea tenha acesso a informa\u00e7\u00f5es de qualidade, pr\u00e1ticas e sempre atualizadas. Queremos ser seu guia digital, seja para ampliar seus conhecimentos, encontrar as melhores m\u00fasicas, otimizar seu&hellip; Continue reading Sobre","og_url":"https:\/\/bmpinfogeo.com.br\/ja\/about\/","og_site_name":"Bmp Info Geo","article_modified_time":"2025-12-11T17:33:50+00:00","twitter_card":"summary_large_image","twitter_misc":{"Est. reading time":"3\u5206"},"schema":{"@context":"https:\/\/schema.org","@graph":[{"@type":"WebPage","@id":"https:\/\/bmpinfogeo.com.br\/about\/","url":"https:\/\/bmpinfogeo.com.br\/about\/","name":"Sobre - Bmp Info Geo","isPartOf":{"@id":"https:\/\/bmpinfogeo.com.br\/#website"},"datePublished":"2024-09-02T21:26:27+00:00","dateModified":"2025-12-11T17:33:50+00:00","breadcrumb":{"@id":"https:\/\/bmpinfogeo.com.br\/about\/#breadcrumb"},"inLanguage":"ja","potentialAction":[{"@type":"ReadAction","target":["https:\/\/bmpinfogeo.com.br\/about\/"]}]},{"@type":"BreadcrumbList","@id":"https:\/\/bmpinfogeo.com.br\/about\/#breadcrumb","itemListElement":[{"@type":"ListItem","position":1,"name":"Home","item":"https:\/\/bmpinfogeo.com.br\/"},{"@type":"ListItem","position":2,"name":"Sobre"}]},{"@type":"WebSite","@id":"https:\/\/bmpinfogeo.com.br\/#website","url":"https:\/\/bmpinfogeo.com.br\/","name":"Bmp Info Geo","description":"","potentialAction":[{"@type":"SearchAction","target":{"@type":"EntryPoint","urlTemplate":"https:\/\/bmpinfogeo.com.br\/?s={search_term_string}"},"query-input":"required name=search_term_string"}],"inLanguage":"ja"}]}},"_links":{"self":[{"href":"https:\/\/bmpinfogeo.com.br\/ja\/wp-json\/wp\/v2\/pages\/96"}],"collection":[{"href":"https:\/\/bmpinfogeo.com.br\/ja\/wp-json\/wp\/v2\/pages"}],"about":[{"href":"https:\/\/bmpinfogeo.com.br\/ja\/wp-json\/wp\/v2\/types\/page"}],"author":[{"embeddable":true,"href":"https:\/\/bmpinfogeo.com.br\/ja\/wp-json\/wp\/v2\/users\/5"}],"replies":[{"embeddable":true,"href":"https:\/\/bmpinfogeo.com.br\/ja\/wp-json\/wp\/v2\/comments?post=96"}],"version-history":[{"count":2,"href":"https:\/\/bmpinfogeo.com.br\/ja\/wp-json\/wp\/v2\/pages\/96\/revisions"}],"predecessor-version":[{"id":1812,"href":"https:\/\/bmpinfogeo.com.br\/ja\/wp-json\/wp\/v2\/pages\/96\/revisions\/1812"}],"wp:attachment":[{"href":"https:\/\/bmpinfogeo.com.br\/ja\/wp-json\/wp\/v2\/media?parent=96"}],"curies":[{"name":"wp","href":"https:\/\/api.w.org\/{rel}","templated":true}]}}