{"id":94,"date":"2024-09-02T21:24:08","date_gmt":"2024-09-02T21:24:08","guid":{"rendered":"http:\/\/bmpinfogeo.atpnd.com\/?page_id=94"},"modified":"2025-09-23T21:05:23","modified_gmt":"2025-09-23T21:05:23","slug":"terms","status":"publish","type":"page","link":"https:\/\/bmpinfogeo.com.br\/ja\/terms\/","title":{"rendered":"\u5229\u7528\u898f\u7d04"},"content":{"rendered":"<div class=\"mx-5 sm:mx-0 prose leading-relaxed text-lg mb-5 text-left wp-paragraph\">\n<p>2025\u5e749\u670818\u65e5\u306b\u66f4\u65b0\u3055\u308c\u307e\u3057\u305f\u3002<\/p>\n<\/div><!--advertisement--><div class=\"mx-5 sm:mx-0 sm:text-3xl text-2xl font-medium title-font mb-4 text-gray-900 text-left\">\n<h2 class=\"wp-block-heading\"><strong>BMP\u30a4\u30f3\u30d5\u30a9\u30b8\u30aa<\/strong><\/h2>\n<\/div><div class=\"mx-5 sm:mx-0 prose leading-relaxed text-lg mb-5 text-left wp-paragraph\">\n<p>BMP InfoGeo\u306f\u3001\u4ee5\u4e0b\u306e\u30a6\u30a7\u30d6\u30b5\u30a4\u30c8\u3092\u81ea\u5f8b\u7684\u306b\u904b\u55b6\u3059\u308b\u30d7\u30e9\u30c3\u30c8\u30d5\u30a9\u30fc\u30e0\u3067\u3059\u3002 <a style=\" color:;\" href=\"http:\/\/bmpinfogeo.com.br\/ja\/\">http:\/\/bmpinfogeo.com.br\/<\/a>.<\/p>\n<\/div><div class=\"mx-5 sm:mx-0 prose leading-relaxed text-lg mb-5 text-left wp-paragraph\">\n<p>BMP InfoGeo \u306e\u4e3b\u306a\u76ee\u6a19\u306f\u3001\u30b3\u30fc\u30b9\u3001\u97f3\u697d\u3001\u30a2\u30d7\u30ea\u30b1\u30fc\u30b7\u30e7\u30f3\u306a\u3069\u3001\u3055\u307e\u3056\u307e\u306a\u30c8\u30d4\u30c3\u30af\u306b\u7126\u70b9\u3092\u5f53\u3066\u305f\u9ad8\u54c1\u8cea\u306e\u30b3\u30f3\u30c6\u30f3\u30c4\u3092\u30e6\u30fc\u30b6\u30fc\u306b\u63d0\u4f9b\u3059\u308b\u3053\u3068\u3067\u3059\u3002<\/p>\n<\/div><div class=\"mx-5 sm:mx-0 prose leading-relaxed text-lg mb-5 text-left wp-paragraph\">\n<p>\u5229\u7528\u898f\u7d04\u306f\u3001\u4ee5\u4e0b\u306e\u30ea\u30f3\u30af\u304b\u3089\u3044\u3064\u3067\u3082\u3054\u89a7\u3044\u305f\u3060\u3051\u307e\u3059\u3002 <a style=\" color:;\" href=\"https:\/\/bmpinfogeo.com.br\/ja\/terms\/\"><\/a><a style=\" color:;\" href=\"https:\/\/bmpinfogeo.com.br\/ja\/terms\/\">http:\/\/bmpinfogeo.com.br\/terms\/<\/a>\u3002\u672c\u898f\u7d04\u306f\u3001\u5f53\u793e\u306e\u30d7\u30e9\u30a4\u30d0\u30b7\u30fc\u30dd\u30ea\u30b7\u30fc\u3068\u4f75\u305b\u3066\u3001 <a style=\" color:;\" href=\"https:\/\/bmpinfogeo.com.br\/ja\/privacy-policy\/\"><\/a><a style=\" color:;\" href=\"https:\/\/bmpinfogeo.com.br\/ja\/privacy-policy\/\">http:\/\/bmpinfogeo.com.br\/privacy-policy\/<\/a>\u30a6\u30a7\u30d6\u30b5\u30a4\u30c8\u306e\u4f7f\u7528\u3092\u898f\u5236\u3057\u3001\u9069\u7528\u3055\u308c\u308b\u6cd5\u5f8b\u3092\u9075\u5b88\u3057\u307e\u3059\u3002<\/p>\n<\/div><div class=\"mx-5 sm:mx-0 prose leading-relaxed text-lg mb-5 text-left wp-paragraph\">\n<p>\u3053\u306e\u6587\u66f8\u3067\u306f\u3001\u4ee5\u4e0b\u306b\u8aac\u660e\u3059\u308b\u3088\u3046\u306b\u3001BMP InfoGeo \u306b\u30a2\u30af\u30bb\u30b9\u3057\u3066\u4f7f\u7528\u3059\u308b\u30e6\u30fc\u30b6\u30fc\u306e\u8cac\u4efb\u3068\u6a29\u5229\u3092\u5b9a\u3081\u307e\u3059\u3002<\/p>\n<\/div><div class=\"mx-5 sm:mx-0 prose leading-relaxed text-lg mb-5 text-left wp-paragraph\">\n<p>BMP InfoGeo \u306f\u63d0\u6848\u306e\u8a55\u4fa1\u3084\u627f\u8a8d\u30d7\u30ed\u30bb\u30b9\u306b\u306f\u53c2\u52a0\u3057\u3066\u3044\u306a\u3044\u3053\u3068\u3092\u5f37\u8abf\u3057\u307e\u3059\u3002\u3053\u308c\u3089\u306e\u6c7a\u5b9a\u306f\u30e6\u30fc\u30b6\u30fc\u81ea\u8eab\u306e\u8cac\u4efb\u3067\u3042\u308a\u3001\u30e6\u30fc\u30b6\u30fc\u306f\u72ec\u81ea\u306e\u8a55\u4fa1\u3068\u57fa\u6e96\u306b\u5f93\u3063\u3066\u884c\u52d5\u3059\u308b\u5fc5\u8981\u304c\u3042\u308a\u307e\u3059\u3002<\/p>\n<\/div><!--advertisement--><div class=\"mx-5 sm:mx-0 sm:text-3xl text-2xl font-medium title-font mb-4 text-gray-900 text-left\">\n<h2 class=\"wp-block-heading\"><strong>1. \u898f\u7d04\u306e\u627f\u8afe<\/strong><\/h2>\n<\/div><div class=\"mx-5 sm:mx-0 prose leading-relaxed text-lg mb-5 text-left wp-paragraph\">\n<p>1.1. BMP InfoGeo Web \u30b5\u30a4\u30c8\u306b\u30a2\u30af\u30bb\u30b9\u3059\u308b\u3053\u3068\u306b\u3088\u308a\u3001\u30e6\u30fc\u30b6\u30fc\u306f\u5229\u7528\u898f\u7d04\u304a\u3088\u3073\u30d7\u30e9\u30a4\u30d0\u30b7\u30fc \u30dd\u30ea\u30b7\u30fc\u306b\u81ea\u52d5\u7684\u306b\u540c\u610f\u3059\u308b\u3053\u3068\u306b\u306a\u308a\u307e\u3059\u3002<\/p>\n<\/div><div class=\"mx-5 sm:mx-0 prose leading-relaxed text-lg mb-5 text-left wp-paragraph\">\n<p>1.2. BMP InfoGeo \u304c\u63d0\u4f9b\u3059\u308b\u30b5\u30fc\u30d3\u30b9\u3092\u5229\u7528\u3059\u308b\u306b\u306f\u3001\u30e6\u30fc\u30b6\u30fc\u306f 18 \u6b73\u4ee5\u4e0a\u3067\u3042\u308a\u3001\u672c\u66f8\u306b\u5b9a\u3081\u3089\u308c\u305f\u6761\u4ef6\u3092\u53d7\u3051\u5165\u308c\u308b\u5b8c\u5168\u306a\u6cd5\u7684\u80fd\u529b\u3092\u6301\u3063\u3066\u3044\u308b\u5fc5\u8981\u304c\u3042\u308a\u307e\u3059\u3002<\/p>\n<\/div><div class=\"mx-5 sm:mx-0 prose leading-relaxed text-lg mb-5 text-left wp-paragraph\">\n<p>1.3.\u30e6\u30fc\u30b6\u30fc\u304c\u3044\u305a\u308c\u304b\u306e\u6761\u4ef6\u306b\u540c\u610f\u3057\u306a\u3044\u5834\u5408\u3001\u307e\u305f\u306f\u6307\u5b9a\u3055\u308c\u305f\u57fa\u6e96\u3092\u6e80\u305f\u3055\u306a\u3044\u5834\u5408\u306f\u3001BMP InfoGeo \u304c\u63d0\u4f9b\u3059\u308b\u30b5\u30fc\u30d3\u30b9\u304a\u3088\u3073\u30b3\u30f3\u30c6\u30f3\u30c4\u306e\u4f7f\u7528\u3092\u76f4\u3061\u306b\u4e2d\u6b62\u3059\u308b\u5fc5\u8981\u304c\u3042\u308a\u307e\u3059\u3002<\/p>\n<\/div><!--advertisement--><div class=\"mx-5 sm:mx-0 sm:text-3xl text-2xl font-medium title-font mb-4 text-gray-900 text-left\">\n<h2 class=\"wp-block-heading\"><strong>2. \u304a\u554f\u3044\u5408\u308f\u305b<\/strong><\/h2>\n<\/div><div class=\"mx-5 sm:mx-0 prose leading-relaxed text-lg mb-5 text-left wp-paragraph\">\n<p>2.1. BMP InfoGeo \u306f\u3001\u30e6\u30fc\u30b6\u30fc\u304c\u7591\u554f\u3092\u89e3\u6d88\u3057\u305f\u308a\u3001\u554f\u984c\u3092\u89e3\u6c7a\u3057\u305f\u308a\u3001\u82e6\u60c5\u3092\u767b\u9332\u3057\u305f\u308a\u3001\u63d0\u4f9b\u3055\u308c\u308b\u30b5\u30fc\u30d3\u30b9\u306b\u95a2\u3059\u308b\u8ffd\u52a0\u60c5\u5831\u3092\u5165\u624b\u3057\u305f\u308a\u3067\u304d\u308b\u3088\u3046\u306b\u3001\u30b3\u30df\u30e5\u30cb\u30b1\u30fc\u30b7\u30e7\u30f3 \u30c1\u30e3\u30cd\u30eb\u3092\u63d0\u4f9b\u3057\u307e\u3059\u3002<\/p>\n<\/div><div class=\"mx-5 sm:mx-0 prose leading-relaxed text-lg mb-5 text-left wp-paragraph\">\n<p>2.2. \u304a\u554f\u3044\u5408\u308f\u305b\u306f\u304a\u554f\u3044\u5408\u308f\u305b\u30da\u30fc\u30b8\u304b\u3089\u884c\u3048\u307e\u3059\u3002<\/p>\n<\/div><!--advertisement--><div class=\"mx-5 sm:mx-0 sm:text-3xl text-2xl font-medium title-font mb-4 text-gray-900 text-left\">\n<h2 class=\"wp-block-heading\"><strong>3. \u30e6\u30fc\u30b6\u30fc\u306e\u8cac\u4efb<\/strong><\/h2>\n<\/div><div class=\"mx-5 sm:mx-0 prose leading-relaxed text-lg mb-5 text-left wp-paragraph\">\n<p>3.1. BMP InfoGeo \u30b5\u30fc\u30d3\u30b9\u3092\u5229\u7528\u3059\u308b\u524d\u306b\u3001\u30e6\u30fc\u30b6\u30fc\u306f\u3059\u3079\u3066\u306e\u5229\u7528\u898f\u7d04\u3068\u30d7\u30e9\u30a4\u30d0\u30b7\u30fc \u30dd\u30ea\u30b7\u30fc\u3092\u6ce8\u610f\u6df1\u304f\u8aad\u3080\u5fc5\u8981\u304c\u3042\u308a\u307e\u3059\u3002\u30e6\u30fc\u30b6\u30fc\u306f\u3001\u30a6\u30a7\u30d6\u30b5\u30a4\u30c8\u3092\u5f15\u304d\u7d9a\u304d\u4f7f\u7528\u3059\u308b\u3053\u3068\u306b\u3088\u308a\u3001\u5b9a\u3081\u3089\u308c\u305f\u6761\u4ef6\u3092\u9075\u5b88\u3059\u308b\u3053\u3068\u306b\u540c\u610f\u3059\u308b\u3082\u306e\u3068\u3057\u307e\u3059\u3002<\/p>\n<\/div><div class=\"mx-5 sm:mx-0 prose leading-relaxed text-lg mb-5 text-left wp-paragraph\">\n<p>3.2. BMP InfoGeo \u306b\u306f\u3001\u30b5\u30fc\u30c9\u30d1\u30fc\u30c6\u30a3\u306e Web \u30b5\u30a4\u30c8\u3078\u306e\u30ea\u30f3\u30af\u304c\u542b\u307e\u308c\u3066\u3044\u305f\u308a\u3001\u88fd\u54c1\u3084\u30b5\u30fc\u30d3\u30b9\u3092\u8cfc\u5165\u3067\u304d\u308b\u5916\u90e8\u30da\u30fc\u30b8\u306b\u30e6\u30fc\u30b6\u30fc\u3092\u30ea\u30c0\u30a4\u30ec\u30af\u30c8\u3057\u305f\u308a\u3059\u308b\u5834\u5408\u304c\u3042\u308a\u307e\u3059\u3002\u3053\u306e\u3088\u3046\u306a\u72b6\u6cc1\u3067\u306f\u3001BMP InfoGeo \u306f\u5b9f\u884c\u3055\u308c\u305f\u53d6\u5f15\u306b\u3064\u3044\u3066\u8cac\u4efb\u3092\u8ca0\u3044\u307e\u305b\u3093\u3002<\/p>\n<\/div><div class=\"mx-5 sm:mx-0 prose leading-relaxed text-lg mb-5 text-left wp-paragraph\">\n<p>3.3.\u30e6\u30fc\u30b6\u30fc\u304c\u30b5\u30fc\u30c9\u30d1\u30fc\u30c6\u30a3\u306e Web \u30b5\u30a4\u30c8\u306b\u30ea\u30c0\u30a4\u30ec\u30af\u30c8\u3055\u308c\u305f\u5834\u5408\u3001\u4f55\u3089\u304b\u306e\u30a2\u30af\u30b7\u30e7\u30f3\u3092\u8d77\u3053\u3059\u524d\u306b\u3001\u305d\u308c\u3089\u306e Web \u30b5\u30a4\u30c8\u306e\u5229\u7528\u898f\u7d04\u3068\u30dd\u30ea\u30b7\u30fc\u3092\u78ba\u8a8d\u3057\u3001\u540c\u610f\u3059\u308b\u306e\u306f\u30e6\u30fc\u30b6\u30fc\u306e\u8cac\u4efb\u3067\u3059\u3002<\/p>\n<\/div><div class=\"mx-5 sm:mx-0 prose leading-relaxed text-lg mb-5 text-left wp-paragraph\">\n<p>3.4. BMP InfoGeo \u306f\u3001\u5f53\u793e\u306e\u30d7\u30e9\u30c3\u30c8\u30d5\u30a9\u30fc\u30e0\u4e0a\u306e\u30ea\u30f3\u30af\u3092\u901a\u3058\u3066\u30a2\u30af\u30bb\u30b9\u3055\u308c\u305f\u5834\u5408\u3067\u3082\u3001\u7b2c\u4e09\u8005\u306e Web \u30b5\u30a4\u30c8\u306e\u5229\u7528\u898f\u7d04\u3001\u30d7\u30e9\u30a4\u30d0\u30b7\u30fc \u30dd\u30ea\u30b7\u30fc\u3001\u307e\u305f\u306f\u30b3\u30f3\u30c6\u30f3\u30c4\u306b\u3064\u3044\u3066\u8cac\u4efb\u3092\u8ca0\u3044\u307e\u305b\u3093\u3002<\/p>\n<\/div><div class=\"mx-5 sm:mx-0 prose leading-relaxed text-lg mb-5 text-left wp-paragraph\">\n<p>3.5.\u5f53\u30d7\u30e9\u30c3\u30c8\u30d5\u30a9\u30fc\u30e0\u306f\u3001\u30a6\u30a7\u30d6\u30b5\u30a4\u30c8\u306e\u95b2\u89a7\u4e2d\u306b\u30e6\u30fc\u30b6\u30fc\u306e\u30c7\u30d0\u30a4\u30b9\u306b\u611f\u67d3\u3059\u308b\u53ef\u80fd\u6027\u306e\u3042\u308b\u60aa\u610f\u306e\u3042\u308b\u30bd\u30d5\u30c8\u30a6\u30a7\u30a2\u306b\u3088\u3063\u3066\u751f\u3058\u308b\u53ef\u80fd\u6027\u306e\u3042\u308b\u640d\u5bb3\u306b\u3064\u3044\u3066\u306f\u8cac\u4efb\u3092\u8ca0\u3044\u307e\u305b\u3093\u3002<\/p>\n<\/div><div class=\"mx-5 sm:mx-0 prose leading-relaxed text-lg mb-5 text-left wp-paragraph\">\n<p>3.6.\u30c7\u30d0\u30a4\u30b9\u3092\u4fdd\u8b77\u3059\u308b\u305f\u3081\u306b\u3001\u30aa\u30da\u30ec\u30fc\u30c6\u30a3\u30f3\u30b0 \u30b7\u30b9\u30c6\u30e0\u3068\u30bb\u30ad\u30e5\u30ea\u30c6\u30a3 \u30bd\u30d5\u30c8\u30a6\u30a7\u30a2\u3092\u6700\u65b0\u306e\u72b6\u614b\u306b\u4fdd\u3064\u306e\u306f\u30e6\u30fc\u30b6\u30fc\u306e\u8cac\u4efb\u3067\u3059\u3002<\/p>\n<\/div><div class=\"mx-5 sm:mx-0 prose leading-relaxed text-lg mb-5 text-left wp-paragraph\">\n<p>3.7. BMP InfoGeo \u306f\u3001\u30a6\u30a7\u30d6\u30b5\u30a4\u30c8\u306e\u4e0d\u9069\u5207\u306a\u4f7f\u7528\u3001\u307e\u305f\u306f\u5f53\u793e\u306e\u7ba1\u7406\u304c\u53ca\u3070\u306a\u3044\u72b6\u6cc1\u306b\u3088\u3063\u3066\u751f\u3058\u305f\u640d\u5931\u3084\u640d\u5bb3\u306b\u3064\u3044\u3066\u306f\u4e00\u5207\u8cac\u4efb\u3092\u8ca0\u3044\u307e\u305b\u3093\u3002<\/p>\n<\/div><div class=\"mx-5 sm:mx-0 prose leading-relaxed text-lg mb-5 text-left wp-paragraph\">\n<p>3.8.\u30d7\u30e9\u30c3\u30c8\u30d5\u30a9\u30fc\u30e0\u3067\u306f\u3001\u91d1\u878d\u5546\u54c1\u306e\u4ed8\u4e0e\u306e\u305f\u3081\u306b\u9810\u91d1\u3084\u9280\u884c\u632f\u8fbc\u3092\u8981\u6c42\u3057\u307e\u305b\u3093\u3002<\/p>\n<\/div><div class=\"mx-5 sm:mx-0 prose leading-relaxed text-lg mb-5 text-left wp-paragraph\">\n<p>3.9. BMP InfoGeo \u306f\u3001\u5b9f\u884c\u53ef\u80fd\u30d5\u30a1\u30a4\u30eb\u306e\u6dfb\u4ed8\u30d5\u30a1\u30a4\u30eb\u3084\u30bd\u30d5\u30c8\u30a6\u30a7\u30a2\u3092\u30a4\u30f3\u30b9\u30c8\u30fc\u30eb\u3059\u308b\u305f\u3081\u306e\u30ea\u30f3\u30af\u3092\u542b\u3080\u30c7\u30fc\u30bf\u306e\u78ba\u8a8d\u3092\u8981\u6c42\u3059\u308b\u96fb\u5b50\u30e1\u30fc\u30eb\u3084 SMS \u30e1\u30c3\u30bb\u30fc\u30b8\u3092\u9001\u4fe1\u3057\u307e\u305b\u3093\u3002\u30e6\u30fc\u30b6\u30fc\u306f\u3001\u7591\u308f\u3057\u3044\u30e1\u30c3\u30bb\u30fc\u30b8\u3092\u53d7\u3051\u53d6\u3063\u305f\u5834\u5408\u3001\u76f4\u3061\u306b\u5f53\u793e\u306b\u9023\u7d61\u3059\u308b\u5fc5\u8981\u304c\u3042\u308a\u307e\u3059\u3002<\/p>\n<\/div><div class=\"mx-5 sm:mx-0 prose leading-relaxed text-lg mb-5 text-left wp-paragraph\">\n<p>3.10.\u30e6\u30fc\u30b6\u30fc\u306f\u3001\u73fe\u884c\u306e\u6cd5\u5f8b\u3092\u5c0a\u91cd\u3057\u3001\u7b2c\u4e09\u8005\u306e\u6a29\u5229\u3092\u4fb5\u5bb3\u305b\u305a\u3001\u9055\u6cd5\u307e\u305f\u306f\u4e0d\u9069\u5207\u306a\u76ee\u7684\u3067\u30a6\u30a7\u30d6\u30b5\u30a4\u30c8\u3092\u4f7f\u7528\u3057\u306a\u3044\u3053\u3068\u306b\u8cac\u4efb\u3092\u8ca0\u3044\u307e\u3059\u3002<\/p>\n<\/div><!--advertisement--><div class=\"mx-5 sm:mx-0 sm:text-3xl text-2xl font-medium title-font mb-4 text-gray-900 text-left\">\n<h2 class=\"wp-block-heading\"><strong>4. \u898f\u7d04\u306e\u5909\u66f4<\/strong><\/h2>\n<\/div><div class=\"mx-5 sm:mx-0 prose leading-relaxed text-lg mb-5 text-left wp-paragraph\">\n<p>4.1. BMP InfoGeo \u306f\u3001\u30e6\u30fc\u30b6\u30fc\u3078\u306e\u4e8b\u524d\u306e\u901a\u77e5\u306a\u3057\u306b\u3001\u3044\u3064\u3067\u3082\u672c\u5229\u7528\u898f\u7d04\u3092\u5909\u66f4\u3001\u66f4\u65b0\u3001\u307e\u305f\u306f\u7f6e\u304d\u63db\u3048\u308b\u6a29\u5229\u3092\u7559\u4fdd\u3057\u307e\u3059\u3002<\/p>\n<\/div><div class=\"mx-5 sm:mx-0 prose leading-relaxed text-lg mb-5 text-left wp-paragraph\">\n<p>4.2.\u30e6\u30fc\u30b6\u30fc\u304c\u5909\u66f4\u306b\u540c\u610f\u3057\u306a\u3044\u5834\u5408\u306f\u3001\u76f4\u3061\u306b\u30a6\u30a7\u30d6\u30b5\u30a4\u30c8\u306e\u4f7f\u7528\u3092\u4e2d\u6b62\u3059\u308b\u5fc5\u8981\u304c\u3042\u308a\u307e\u3059\u3002<\/p>\n<\/div><!--advertisement--><div class=\"mx-5 sm:mx-0 sm:text-3xl text-2xl font-medium title-font mb-4 text-gray-900 text-left\">\n<h2 class=\"wp-block-heading\"><strong>5. \u82e6\u60c5\u306e\u6709\u52b9\u6027\u3068\u671f\u9650<\/strong><\/h2>\n<\/div><div class=\"mx-5 sm:mx-0 prose leading-relaxed text-lg mb-5 text-left wp-paragraph\">\n<p>5.1.\u672c\u5229\u7528\u898f\u7d04\u306f\u7121\u671f\u9650\u306b\u6709\u52b9\u3068\u306a\u308a\u307e\u3059\u3002\u3042\u3089\u3086\u308b\u6cd5\u7684\u307e\u305f\u306f\u884c\u653f\u4e0a\u306e\u8acb\u6c42\u306f\u3001\u305d\u306e\u539f\u56e0\u3068\u306a\u3063\u305f\u51fa\u6765\u4e8b\u304b\u3089 90 \u65e5\u4ee5\u5185\u306b\u63d0\u51fa\u3059\u308b\u5fc5\u8981\u304c\u3042\u308a\u307e\u3059\u3002<\/p>\n<\/div><!--advertisement--><div class=\"mx-5 sm:mx-0 sm:text-3xl text-2xl font-medium title-font mb-4 text-gray-900 text-left\">\n<h2 class=\"wp-block-heading\"><strong>6. \u6e96\u62e0\u6cd5\u304a\u3088\u3073\u7ba1\u8f44\u88c1\u5224\u6240<\/strong><\/h2>\n<\/div><div class=\"mx-5 sm:mx-0 prose leading-relaxed text-lg mb-5 text-left wp-paragraph\">\n<p><strong>6.1.<\/strong> \u672c\u5229\u7528\u898f\u7d04\u304a\u3088\u3073 BMP Infogeo \u30d7\u30e9\u30a4\u30d0\u30b7\u30fc\u30dd\u30ea\u30b7\u30fc\u306e\u89e3\u91c8\u3001\u9069\u7528\u3001\u304a\u3088\u3073\u6709\u52b9\u6027\u306e\u7d99\u7d9a\u306b\u3064\u3044\u3066\u306f\u3001\u30d7\u30e9\u30c3\u30c8\u30d5\u30a9\u30fc\u30e0\u306e\u30c7\u30b8\u30bf\u30eb\u6027\u8cea\u3068\u4e92\u63db\u6027\u304c\u3042\u308b\u9650\u308a\u3001\u500b\u4eba\u30c7\u30fc\u30bf\u4fdd\u8b77\u306b\u95a2\u3059\u308b\u4e00\u822c\u6cd5 (\u6cd5\u5f8b\u7b2c 13,709\/2018 \u53f7)\u3001\u30a4\u30f3\u30bf\u30fc\u30cd\u30c3\u30c8\u516c\u6c11\u6a29\u67a0\u7d44\u307f (\u6cd5\u5f8b\u7b2c 12,965\/2014 \u53f7)\u3001\u6d88\u8cbb\u8005\u4fdd\u8b77\u6cd5 (\u6cd5\u5f8b\u7b2c 8,078\/1990 \u53f7) \u306a\u3069\u3092\u542b\u3080 (\u305f\u3060\u3057\u3053\u308c\u3089\u306b\u9650\u5b9a\u3055\u308c\u306a\u3044) \u30d6\u30e9\u30b8\u30eb\u306e\u73fe\u884c\u6cd5\u306b\u6e96\u62e0\u3059\u308b\u3082\u306e\u3068\u3057\u307e\u3059\u3002<\/p>\n<\/div><div class=\"mx-5 sm:mx-0 prose leading-relaxed text-lg mb-5 text-left wp-paragraph\">\n<p><strong>6.2.<\/strong> BMP Infogeo \u306e\u4f7f\u7528\u304b\u3089\u751f\u3058\u308b\u3042\u3089\u3086\u308b\u7d1b\u4e89\u3001\u8ad6\u4e89\u3001\u6cd5\u7684\u63aa\u7f6e\u307e\u305f\u306f\u624b\u7d9a\u304d\u306f\u3001\u30b5\u30f3\u30d1\u30a6\u30ed\u5730\u533a (SP) \u306e\u88c1\u5224\u6240\u306e\u5c02\u5c5e\u7ba1\u8f44\u6a29\u306b\u5f93\u3046\u3082\u306e\u3068\u3057\u3001\u4ed6\u306e\u3044\u304b\u306a\u308b\u7ba1\u8f44\u6a29\u3082\u3001\u305d\u308c\u304c\u3044\u304b\u306b\u7279\u6a29\u7684\u306a\u3082\u306e\u3067\u3042\u3063\u3066\u3082\u660e\u793a\u7684\u306b\u653e\u68c4\u3059\u308b\u3082\u306e\u3068\u3057\u307e\u3059\u3002<\/p>\n<\/div><div class=\"mx-5 sm:mx-0 prose leading-relaxed text-lg mb-5 text-left wp-paragraph\">\n<p><strong>6.3.<\/strong> BMP Infogeo \u3092\u4f7f\u7528\u3059\u308b\u3053\u3068\u306b\u3088\u308a\u3001\u30e6\u30fc\u30b6\u30fc\u306f\u3001\u3042\u3089\u3086\u308b\u6cd5\u7684\u8981\u6c42\u304c\u9069\u7528\u3055\u308c\u308b\u30d6\u30e9\u30b8\u30eb\u306e\u6cd5\u5f8b\u3001\u7279\u306b\u30c7\u30b8\u30bf\u30eb \u30b5\u30fc\u30d3\u30b9\u3001\u30c7\u30fc\u30bf \u30d7\u30e9\u30a4\u30d0\u30b7\u30fc\u3001\u30aa\u30f3\u30e9\u30a4\u30f3\u60c5\u5831\u30d7\u30e9\u30c3\u30c8\u30d5\u30a9\u30fc\u30e0\u3092\u898f\u5236\u3059\u308b\u898f\u5247\u306b\u57fa\u3065\u3044\u3066\u89e3\u6c7a\u3055\u308c\u308b\u3053\u3068\u3092\u660e\u793a\u7684\u306b\u8a8d\u3081\u3001\u540c\u610f\u3059\u308b\u3082\u306e\u3068\u3057\u307e\u3059\u3002<\/p>\n<\/div>","protected":false},"excerpt":{"rendered":"<p>2025\u5e749\u670818\u65e5\u66f4\u65b0\u3002BMP InfoGeo\u3002BMP InfoGeo\u306f\u3001http:\/\/bmpinfogeo.com.br\/\u3067\u5229\u7528\u53ef\u80fd\u306a\u30a6\u30a7\u30d6\u30b5\u30a4\u30c8\u3092\u81ea\u5f8b\u7684\u306b\u904b\u55b6\u3059\u308b\u30d7\u30e9\u30c3\u30c8\u30d5\u30a9\u30fc\u30e0\u3067\u3059\u3002BMP InfoGeo\u306e\u4e3b\u306a\u76ee\u7684\u306f\u3001\u30b3\u30fc\u30b9\u3001\u97f3\u697d\u3001\u30a2\u30d7\u30ea\u30b1\u30fc\u30b7\u30e7\u30f3\u306a\u3069\u3001\u591a\u69d8\u306a\u30c6\u30fc\u30de\u306b\u7126\u70b9\u3092\u5f53\u3066\u305f\u9ad8\u54c1\u8cea\u306a\u30b3\u30f3\u30c6\u30f3\u30c4\u3092\u30e6\u30fc\u30b6\u30fc\u306b\u63d0\u4f9b\u3059\u308b\u3053\u3068\u3067\u3059\u3002\u5229\u7528\u898f\u7d04\u306f\u3001\u3044\u3064\u3067\u3082\u4ee5\u4e0b\u306e\u30ea\u30f3\u30af\u304b\u3089\u3054\u89a7\u3044\u305f\u3060\u3051\u307e\u3059\uff1ahttp:\/\/bmpinfogeo.com.br\/terms\/\u3002\u672c\u898f\u7d04\u306f\u3001http:\/\/bmpinfogeo.com.br\/privacy-policy\/\u3067\u3054\u89a7\u3044\u305f\u3060\u3051\u308b\u5f53\u793e\u306e\u30d7\u30e9\u30a4\u30d0\u30b7\u30fc\u30dd\u30ea\u30b7\u30fc\u3068\u4f75\u305b\u3066\u3001\u30a6\u30a7\u30d6\u30b5\u30a4\u30c8\u306e\u5229\u7528\u3092\u898f\u5b9a\u3057\u3001\u9069\u7528\u6cd5\u306b\u6e96\u62e0\u3057\u3066\u3044\u307e\u3059\u3002\u672c\u66f8\u306f\u3001BMP InfoGeo\u306b\u30a2\u30af\u30bb\u30b9\u3057\u3001\u4f7f\u7528\u3059\u308b\u30e6\u30fc\u30b6\u30fc\u306e\u8cac\u4efb\u3068\u6a29\u5229\u3092\u4ee5\u4e0b\u306e\u3088\u3046\u306b\u5b9a\u3081\u3066\u3044\u307e\u3059\u3002\u2026 <a class=\"more-link\" href=\"https:\/\/bmpinfogeo.com.br\/ja\/terms\/\">\u7d9a\u304d\u3092\u8aad\u3080 <span class=\"screen-reader-text\">\u5229\u7528\u898f\u7d04<\/span><\/a><\/p>","protected":false},"author":5,"featured_media":0,"parent":0,"menu_order":0,"comment_status":"closed","ping_status":"closed","template":"","meta":{"footnotes":""},"yoast_head":"<!-- This site is optimized with the Yoast SEO plugin v23.3 - https:\/\/yoast.com\/wordpress\/plugins\/seo\/ -->\n<title>Termos e Condi\u00e7\u00f5es de Uso - Bmp Info Geo<\/title>\n<meta name=\"robots\" content=\"index, follow, max-snippet:-1, max-image-preview:large, max-video-preview:-1\" \/>\n<link rel=\"canonical\" href=\"https:\/\/bmpinfogeo.com.br\/ja\/terms\/\" \/>\n<meta property=\"og:locale\" content=\"ja_JP\" \/>\n<meta property=\"og:type\" content=\"article\" \/>\n<meta property=\"og:title\" content=\"Termos e Condi\u00e7\u00f5es de Uso - Bmp Info Geo\" \/>\n<meta property=\"og:description\" content=\"Atualizado em 18 de setembro, 2025. BMP InfoGeo A BMP InfoGeo \u00e9 uma plataforma que opera de forma aut\u00f4noma o site dispon\u00edvel em http:\/\/bmpinfogeo.com.br\/. Nosso objetivo principal no BMP InfoGeo \u00e9 oferecer conte\u00fado de alta qualidade, com foco em temas variados, incluindo cursos, m\u00fasica e aplicativos, para nossos usu\u00e1rios. Os Termos e Condi\u00e7\u00f5es de Uso est\u00e3o acess\u00edveis a qualquer momento no seguinte link: http:\/\/bmpinfogeo.com.br\/terms\/. Estes Termos, juntamente com nossa Pol\u00edtica de Privacidade, dispon\u00edvel em http:\/\/bmpinfogeo.com.br\/privacy-policy\/, regulam a utiliza\u00e7\u00e3o do site e est\u00e3o em conformidade com as leis aplic\u00e1veis. Este documento estabelece as responsabilidades e direitos dos usu\u00e1rios que acessam e utilizam o BMP InfoGeo, conforme descrito abaixo. Ressaltamos que o&hellip; Continue reading Termos e Condi\u00e7\u00f5es de Uso\" \/>\n<meta property=\"og:url\" content=\"https:\/\/bmpinfogeo.com.br\/ja\/terms\/\" \/>\n<meta property=\"og:site_name\" content=\"Bmp Info Geo\" \/>\n<meta property=\"article:modified_time\" content=\"2025-09-23T21:05:23+00:00\" \/>\n<meta name=\"twitter:card\" content=\"summary_large_image\" \/>\n<meta name=\"twitter:label1\" content=\"Est. reading time\" \/>\n\t<meta name=\"twitter:data1\" content=\"4\u5206\" \/>\n<script type=\"application\/ld+json\" class=\"yoast-schema-graph\">{\"@context\":\"https:\/\/schema.org\",\"@graph\":[{\"@type\":\"WebPage\",\"@id\":\"https:\/\/bmpinfogeo.com.br\/terms\/\",\"url\":\"https:\/\/bmpinfogeo.com.br\/terms\/\",\"name\":\"Termos e Condi\u00e7\u00f5es de Uso - Bmp Info Geo\",\"isPartOf\":{\"@id\":\"https:\/\/bmpinfogeo.com.br\/#website\"},\"datePublished\":\"2024-09-02T21:24:08+00:00\",\"dateModified\":\"2025-09-23T21:05:23+00:00\",\"breadcrumb\":{\"@id\":\"https:\/\/bmpinfogeo.com.br\/terms\/#breadcrumb\"},\"inLanguage\":\"ja\",\"potentialAction\":[{\"@type\":\"ReadAction\",\"target\":[\"https:\/\/bmpinfogeo.com.br\/terms\/\"]}]},{\"@type\":\"BreadcrumbList\",\"@id\":\"https:\/\/bmpinfogeo.com.br\/terms\/#breadcrumb\",\"itemListElement\":[{\"@type\":\"ListItem\",\"position\":1,\"name\":\"Home\",\"item\":\"https:\/\/bmpinfogeo.com.br\/\"},{\"@type\":\"ListItem\",\"position\":2,\"name\":\"Termos e Condi\u00e7\u00f5es de Uso\"}]},{\"@type\":\"WebSite\",\"@id\":\"https:\/\/bmpinfogeo.com.br\/#website\",\"url\":\"https:\/\/bmpinfogeo.com.br\/\",\"name\":\"Bmp Info Geo\",\"description\":\"\",\"potentialAction\":[{\"@type\":\"SearchAction\",\"target\":{\"@type\":\"EntryPoint\",\"urlTemplate\":\"https:\/\/bmpinfogeo.com.br\/?s={search_term_string}\"},\"query-input\":\"required name=search_term_string\"}],\"inLanguage\":\"ja\"}]}<\/script>\n<!-- \/ Yoast SEO plugin. -->","yoast_head_json":{"title":"Termos e Condi\u00e7\u00f5es de Uso - Bmp Info Geo","robots":{"index":"index","follow":"follow","max-snippet":"max-snippet:-1","max-image-preview":"max-image-preview:large","max-video-preview":"max-video-preview:-1"},"canonical":"https:\/\/bmpinfogeo.com.br\/ja\/terms\/","og_locale":"ja_JP","og_type":"article","og_title":"Termos e Condi\u00e7\u00f5es de Uso - Bmp Info Geo","og_description":"Atualizado em 18 de setembro, 2025. BMP InfoGeo A BMP InfoGeo \u00e9 uma plataforma que opera de forma aut\u00f4noma o site dispon\u00edvel em http:\/\/bmpinfogeo.com.br\/. Nosso objetivo principal no BMP InfoGeo \u00e9 oferecer conte\u00fado de alta qualidade, com foco em temas variados, incluindo cursos, m\u00fasica e aplicativos, para nossos usu\u00e1rios. Os Termos e Condi\u00e7\u00f5es de Uso est\u00e3o acess\u00edveis a qualquer momento no seguinte link: http:\/\/bmpinfogeo.com.br\/terms\/. Estes Termos, juntamente com nossa Pol\u00edtica de Privacidade, dispon\u00edvel em http:\/\/bmpinfogeo.com.br\/privacy-policy\/, regulam a utiliza\u00e7\u00e3o do site e est\u00e3o em conformidade com as leis aplic\u00e1veis. Este documento estabelece as responsabilidades e direitos dos usu\u00e1rios que acessam e utilizam o BMP InfoGeo, conforme descrito abaixo. Ressaltamos que o&hellip; Continue reading Termos e Condi\u00e7\u00f5es de Uso","og_url":"https:\/\/bmpinfogeo.com.br\/ja\/terms\/","og_site_name":"Bmp Info Geo","article_modified_time":"2025-09-23T21:05:23+00:00","twitter_card":"summary_large_image","twitter_misc":{"Est. reading time":"4\u5206"},"schema":{"@context":"https:\/\/schema.org","@graph":[{"@type":"WebPage","@id":"https:\/\/bmpinfogeo.com.br\/terms\/","url":"https:\/\/bmpinfogeo.com.br\/terms\/","name":"Termos e Condi\u00e7\u00f5es de Uso - Bmp Info Geo","isPartOf":{"@id":"https:\/\/bmpinfogeo.com.br\/#website"},"datePublished":"2024-09-02T21:24:08+00:00","dateModified":"2025-09-23T21:05:23+00:00","breadcrumb":{"@id":"https:\/\/bmpinfogeo.com.br\/terms\/#breadcrumb"},"inLanguage":"ja","potentialAction":[{"@type":"ReadAction","target":["https:\/\/bmpinfogeo.com.br\/terms\/"]}]},{"@type":"BreadcrumbList","@id":"https:\/\/bmpinfogeo.com.br\/terms\/#breadcrumb","itemListElement":[{"@type":"ListItem","position":1,"name":"Home","item":"https:\/\/bmpinfogeo.com.br\/"},{"@type":"ListItem","position":2,"name":"Termos e Condi\u00e7\u00f5es de Uso"}]},{"@type":"WebSite","@id":"https:\/\/bmpinfogeo.com.br\/#website","url":"https:\/\/bmpinfogeo.com.br\/","name":"Bmp Info Geo","description":"","potentialAction":[{"@type":"SearchAction","target":{"@type":"EntryPoint","urlTemplate":"https:\/\/bmpinfogeo.com.br\/?s={search_term_string}"},"query-input":"required name=search_term_string"}],"inLanguage":"ja"}]}},"_links":{"self":[{"href":"https:\/\/bmpinfogeo.com.br\/ja\/wp-json\/wp\/v2\/pages\/94"}],"collection":[{"href":"https:\/\/bmpinfogeo.com.br\/ja\/wp-json\/wp\/v2\/pages"}],"about":[{"href":"https:\/\/bmpinfogeo.com.br\/ja\/wp-json\/wp\/v2\/types\/page"}],"author":[{"embeddable":true,"href":"https:\/\/bmpinfogeo.com.br\/ja\/wp-json\/wp\/v2\/users\/5"}],"replies":[{"embeddable":true,"href":"https:\/\/bmpinfogeo.com.br\/ja\/wp-json\/wp\/v2\/comments?post=94"}],"version-history":[{"count":4,"href":"https:\/\/bmpinfogeo.com.br\/ja\/wp-json\/wp\/v2\/pages\/94\/revisions"}],"predecessor-version":[{"id":1062,"href":"https:\/\/bmpinfogeo.com.br\/ja\/wp-json\/wp\/v2\/pages\/94\/revisions\/1062"}],"wp:attachment":[{"href":"https:\/\/bmpinfogeo.com.br\/ja\/wp-json\/wp\/v2\/media?parent=94"}],"curies":[{"name":"wp","href":"https:\/\/api.w.org\/{rel}","templated":true}]}}