{"id":96,"date":"2024-09-02T21:26:27","date_gmt":"2024-09-02T21:26:27","guid":{"rendered":"http:\/\/bmpinfogeo.atpnd.com\/?page_id=96"},"modified":"2025-12-11T17:33:50","modified_gmt":"2025-12-11T17:33:50","slug":"about","status":"publish","type":"page","link":"https:\/\/bmpinfogeo.com.br\/it\/about\/","title":{"rendered":"SU"},"content":{"rendered":"<div class=\"mx-5 sm:mx-0 prose leading-relaxed text-lg mb-5 text-left wp-paragraph\">\n<p>Noi di BMP InfoGeo crediamo che apprendimento, divertimento e ricerca di nuove opportunit\u00e0 debbano andare di pari passo. Siamo la tua fonte di fiducia per esplorare una variet\u00e0 di argomenti, dai corsi di formazione, ai consigli finanziari, alle opportunit\u00e0 di lavoro, fino alle ultime novit\u00e0 in ambito musicale e app. <\/p>\n<\/div><div class=\"mx-5 sm:mx-0 prose leading-relaxed text-lg mb-5 text-left wp-paragraph\">\n<p>Il nostro obiettivo \u00e8 quello di fornire contenuti diversificati e pertinenti per arricchire la tua routine, aiutandoti a evolvere in diversi ambiti della tua vita.<\/p>\n<\/div><div class=\"mx-5 sm:mx-0 prose leading-relaxed text-lg mb-5 text-left wp-paragraph\">\n<p>Grazie a un team dedicato e appassionato, riuniamo le migliori risorse per garantirti l&#039;accesso a informazioni di alta qualit\u00e0, pratiche e sempre aggiornate. <\/p>\n<\/div><div class=\"mx-5 sm:mx-0 prose leading-relaxed text-lg mb-5 text-left wp-paragraph\">\n<p>Vogliamo essere la tua guida digitale, che si tratti di ampliare le tue conoscenze, trovare la musica migliore, ottimizzare la tua giornata con nuove app o esplorare nuove possibilit\u00e0 nel mondo della finanza e del mercato del lavoro.<\/p>\n<\/div><!--advertisement--><div class=\"mx-5 sm:mx-0 sm:text-3xl text-2xl font-medium title-font mb-4 text-gray-900 text-left\">\n<h2 class=\"wp-block-heading\"><strong>Chi siamo<\/strong><\/h2>\n<\/div><div class=\"mx-5 sm:mx-0 prose leading-relaxed text-lg mb-5 text-left wp-paragraph\">\n<p>BMP InfoGeo \u00e8 una piattaforma completa e dinamica, creata per offrire contenuti di valore in diversi ambiti: istruzione, intrattenimento e sviluppo personale. <\/p>\n<\/div><div class=\"mx-5 sm:mx-0 prose leading-relaxed text-lg mb-5 text-left wp-paragraph\">\n<p>Siamo qui per aiutarti a trovare corsi che diano una spinta alla tua carriera, a scoprire musica fantastica per ogni momento, a utilizzare app utili nella tua vita quotidiana, a esplorare soluzioni finanziarie e persino a guidarti nella ricerca di un nuovo lavoro.<\/p>\n<\/div><div class=\"mx-5 sm:mx-0 prose leading-relaxed text-lg mb-5 text-left wp-paragraph\">\n<p>Il nostro team \u00e8 composto da esperti appassionati di informazioni di qualit\u00e0 e lavoriamo instancabilmente per garantire che tu abbia accesso a tutto ci\u00f2 di cui hai bisogno per rimanere informato e connesso con le novit\u00e0 pi\u00f9 interessanti del mondo digitale e professionale.<\/p>\n<\/div><div class=\"mx-5 sm:mx-0 prose leading-relaxed text-lg mb-5 text-left wp-paragraph\">\n<p><strong>La nostra missione<\/strong><\/p>\n<\/div><div class=\"mx-5 sm:mx-0 prose leading-relaxed text-lg mb-5 text-left wp-paragraph\">\n<p>La nostra missione \u00e8 quella di fornire contenuti accessibili, dinamici e pratici per chiunque cerchi una crescita personale e professionale. <\/p>\n<\/div><div class=\"mx-5 sm:mx-0 prose leading-relaxed text-lg mb-5 text-left wp-paragraph\">\n<p>Vogliamo essere il tuo punto di riferimento per corsi e risorse didattiche, musica stimolante, app innovative per ottimizzare la tua giornata, soluzioni finanziarie efficaci e informazioni aggiornate sul mercato del lavoro. <\/p>\n<\/div><div class=\"mx-5 sm:mx-0 prose leading-relaxed text-lg mb-5 text-left wp-paragraph\">\n<p>Crediamo che istruzione e intrattenimento possano e debbano andare di pari passo.<\/p>\n<\/div><div class=\"mx-5 sm:mx-0 prose leading-relaxed text-lg mb-5 text-left wp-paragraph\">\n<p>Il nostro impegno \u00e8 quello di offrire informazioni chiare, oneste e facilmente accessibili, cercando sempre di offrirti un valore reale, che si tratti di apprendere nuove competenze, scoprire nuova musica o massimizzare la tua produttivit\u00e0 e le tue finanze.<\/p>\n<\/div><!--advertisement--><div class=\"mx-5 sm:mx-0 sm:text-3xl text-2xl font-medium title-font mb-4 text-gray-900 text-left\">\n<h2 class=\"wp-block-heading\"><strong>Cosa troverai qui<\/strong><\/h2>\n<\/div><div class=\"mx-5 sm:mx-0 prose leading-relaxed text-lg mb-5 text-left wp-paragraph\">\n<p>Abbiamo organizzato i nostri contenuti per soddisfare tutte le tue esigenze, con argomenti pertinenti e pratiche accessibili:<\/p>\n<\/div><div class=\"mx-5 sm:mx-0 prose leading-relaxed text-lg mb-5 text-left wp-paragraph\">\n<p>\ud83d\udd39 <strong>Corsi e Formazione<\/strong><br>Esplora corsi di qualit\u00e0 che spaziano dalle competenze tecniche allo sviluppo personale. Offriamo consigli sui corsi che ti aiuteranno a raggiungere i tuoi obiettivi, che si tratti di imparare una nuova professione o di ampliare le tue conoscenze per la crescita personale.<\/p>\n<\/div><div class=\"mx-5 sm:mx-0 prose leading-relaxed text-lg mb-5 text-left wp-paragraph\">\n<p>\ud83d\udd39 <strong>Musica e intrattenimento<\/strong><br>Scopri playlist, nuove uscite e brani che ispirano e illuminano la tua giornata. Vogliamo aiutarti a entrare in contatto con la musica che riflette il tuo stile e le tue emozioni, oltre a tenerti aggiornato sulle tendenze e le nuove uscite del panorama musicale.<\/p>\n<\/div><div class=\"mx-5 sm:mx-0 prose leading-relaxed text-lg mb-5 text-left wp-paragraph\">\n<p>\ud83d\udd39 <strong>Applicazioni e strumenti digitali<\/strong><br>Trova le migliori app per rendere la tua giornata pi\u00f9 efficiente e produttiva. Che si tratti di organizzazione personale, gestione delle finanze o intrattenimento, abbiamo i migliori suggerimenti per migliorare la tua esperienza digitale.<\/p>\n<\/div><div class=\"mx-5 sm:mx-0 prose leading-relaxed text-lg mb-5 text-left wp-paragraph\">\n<p>\ud83d\udd39 <strong>Consigli finanziari ed economici<\/strong><br>Scopri i concetti finanziari essenziali e ottieni consigli pratici su come gestire i tuoi soldi, risparmiare e investire in modo intelligente, oltre a rimanere aggiornato sulle ultime notizie del settore economico.<\/p>\n<\/div><div class=\"mx-5 sm:mx-0 prose leading-relaxed text-lg mb-5 text-left wp-paragraph\">\n<p>\ud83d\udd39 <strong>Opportunit\u00e0 di lavoro e carriera<\/strong><br>Rimani informato sulle posizioni aperte e sulle migliori opportunit\u00e0 del mercato. Ti aiutiamo a trovare il giusto percorso di crescita professionale, sia in grandi aziende che in nuovi settori emergenti.<\/p>\n<\/div><!--advertisement--><div class=\"mx-5 sm:mx-0 sm:text-3xl text-2xl font-medium title-font mb-4 text-gray-900 text-left\">\n<h2 class=\"wp-block-heading\"><strong>Il nostro approccio<\/strong><\/h2>\n<\/div><div class=\"mx-5 sm:mx-0 prose leading-relaxed text-lg mb-5 text-left wp-paragraph\">\n<p>BMP InfoGeo si basa sulla trasparenza e sulla dedizione alla qualit\u00e0 dei contenuti. Produciamo tutto internamente, concentrandoci su ricerche dettagliate e informazioni pratiche per aiutarti a raggiungere i tuoi obiettivi. <\/p>\n<\/div><div class=\"mx-5 sm:mx-0 prose leading-relaxed text-lg mb-5 text-left wp-paragraph\">\n<p>Non facciamo promesse vuote; ci impegniamo invece a fornire contenuti che facciano davvero la differenza nella tua vita, che si tratti di sviluppare la tua carriera, scegliere una nuova app o ottimizzare le tue finanze personali.<\/p>\n<\/div><div class=\"mx-5 sm:mx-0 prose leading-relaxed text-lg mb-5 text-left wp-paragraph\">\n<p>Crediamo che la conoscenza debba essere accessibile a tutti, ed \u00e8 per questo che i nostri contenuti sono chiari, diretti e utili, indipendentemente dal punto in cui ti trovi nel tuo percorso. <\/p>\n<\/div><div class=\"mx-5 sm:mx-0 prose leading-relaxed text-lg mb-5 text-left wp-paragraph\">\n<p>Noi di BMP InfoGeo siamo qui per essere il tuo alleato in ogni fase del tuo sviluppo digitale, professionale e personale.<\/p>\n<\/div>","protected":false},"excerpt":{"rendered":"<p>Noi di BMP InfoGeo crediamo che apprendimento, divertimento e ricerca di nuove opportunit\u00e0 debbano andare di pari passo. Siamo la vostra fonte di fiducia per esplorare una variet\u00e0 di argomenti, dai corsi di formazione, ai consigli finanziari, alle opportunit\u00e0 di lavoro, fino alle ultime novit\u00e0 in ambito musicale e app. Il nostro obiettivo \u00e8 fornire contenuti diversificati e... <a class=\"more-link\" href=\"https:\/\/bmpinfogeo.com.br\/it\/about\/\">Continua a leggere <span class=\"screen-reader-text\">SU<\/span><\/a><\/p>","protected":false},"author":5,"featured_media":0,"parent":0,"menu_order":0,"comment_status":"closed","ping_status":"closed","template":"","meta":{"footnotes":""},"yoast_head":"<!-- This site is optimized with the Yoast SEO plugin v23.3 - https:\/\/yoast.com\/wordpress\/plugins\/seo\/ -->\n<title>Sobre - Bmp Info Geo<\/title>\n<meta name=\"robots\" content=\"index, follow, max-snippet:-1, max-image-preview:large, max-video-preview:-1\" \/>\n<link rel=\"canonical\" href=\"https:\/\/bmpinfogeo.com.br\/it\/about\/\" \/>\n<meta property=\"og:locale\" content=\"it_IT\" \/>\n<meta property=\"og:type\" content=\"article\" \/>\n<meta property=\"og:title\" content=\"Sobre - Bmp Info Geo\" \/>\n<meta property=\"og:description\" content=\"No BMP InfoGeo, acreditamos que o aprendizado, a divers\u00e3o e a busca por novas oportunidades devem caminhar juntos. Somos sua fonte de informa\u00e7\u00e3o confi\u00e1vel para explorar uma variedade de temas, desde cursos de capacita\u00e7\u00e3o, dicas financeiras e oportunidades de emprego at\u00e9 as \u00faltimas novidades em m\u00fasicas e aplicativos. Nosso objetivo \u00e9 fornecer conte\u00fado diversificado e&hellip; Continue reading Sobre\" \/>\n<meta property=\"og:url\" content=\"https:\/\/bmpinfogeo.com.br\/it\/about\/\" \/>\n<meta property=\"og:site_name\" content=\"Bmp Info Geo\" \/>\n<meta property=\"article:modified_time\" content=\"2025-12-11T17:33:50+00:00\" \/>\n<meta name=\"twitter:card\" content=\"summary_large_image\" \/>\n<meta name=\"twitter:label1\" content=\"Est. reading time\" \/>\n\t<meta name=\"twitter:data1\" content=\"3 minuti\" \/>\n<script type=\"application\/ld+json\" class=\"yoast-schema-graph\">{\"@context\":\"https:\/\/schema.org\",\"@graph\":[{\"@type\":\"WebPage\",\"@id\":\"https:\/\/bmpinfogeo.com.br\/about\/\",\"url\":\"https:\/\/bmpinfogeo.com.br\/about\/\",\"name\":\"Sobre - Bmp Info Geo\",\"isPartOf\":{\"@id\":\"https:\/\/bmpinfogeo.com.br\/#website\"},\"datePublished\":\"2024-09-02T21:26:27+00:00\",\"dateModified\":\"2025-12-11T17:33:50+00:00\",\"breadcrumb\":{\"@id\":\"https:\/\/bmpinfogeo.com.br\/about\/#breadcrumb\"},\"inLanguage\":\"it-IT\",\"potentialAction\":[{\"@type\":\"ReadAction\",\"target\":[\"https:\/\/bmpinfogeo.com.br\/about\/\"]}]},{\"@type\":\"BreadcrumbList\",\"@id\":\"https:\/\/bmpinfogeo.com.br\/about\/#breadcrumb\",\"itemListElement\":[{\"@type\":\"ListItem\",\"position\":1,\"name\":\"Home\",\"item\":\"https:\/\/bmpinfogeo.com.br\/\"},{\"@type\":\"ListItem\",\"position\":2,\"name\":\"Sobre\"}]},{\"@type\":\"WebSite\",\"@id\":\"https:\/\/bmpinfogeo.com.br\/#website\",\"url\":\"https:\/\/bmpinfogeo.com.br\/\",\"name\":\"Bmp Info Geo\",\"description\":\"\",\"potentialAction\":[{\"@type\":\"SearchAction\",\"target\":{\"@type\":\"EntryPoint\",\"urlTemplate\":\"https:\/\/bmpinfogeo.com.br\/?s={search_term_string}\"},\"query-input\":\"required name=search_term_string\"}],\"inLanguage\":\"it-IT\"}]}<\/script>\n<!-- \/ Yoast SEO plugin. -->","yoast_head_json":{"title":"Sobre - Bmp Info Geo","robots":{"index":"index","follow":"follow","max-snippet":"max-snippet:-1","max-image-preview":"max-image-preview:large","max-video-preview":"max-video-preview:-1"},"canonical":"https:\/\/bmpinfogeo.com.br\/it\/about\/","og_locale":"it_IT","og_type":"article","og_title":"Sobre - Bmp Info Geo","og_description":"No BMP InfoGeo, acreditamos que o aprendizado, a divers\u00e3o e a busca por novas oportunidades devem caminhar juntos. Somos sua fonte de informa\u00e7\u00e3o confi\u00e1vel para explorar uma variedade de temas, desde cursos de capacita\u00e7\u00e3o, dicas financeiras e oportunidades de emprego at\u00e9 as \u00faltimas novidades em m\u00fasicas e aplicativos. Nosso objetivo \u00e9 fornecer conte\u00fado diversificado e&hellip; Continue reading Sobre","og_url":"https:\/\/bmpinfogeo.com.br\/it\/about\/","og_site_name":"Bmp Info Geo","article_modified_time":"2025-12-11T17:33:50+00:00","twitter_card":"summary_large_image","twitter_misc":{"Est. reading time":"3 minuti"},"schema":{"@context":"https:\/\/schema.org","@graph":[{"@type":"WebPage","@id":"https:\/\/bmpinfogeo.com.br\/about\/","url":"https:\/\/bmpinfogeo.com.br\/about\/","name":"Sobre - Bmp Info Geo","isPartOf":{"@id":"https:\/\/bmpinfogeo.com.br\/#website"},"datePublished":"2024-09-02T21:26:27+00:00","dateModified":"2025-12-11T17:33:50+00:00","breadcrumb":{"@id":"https:\/\/bmpinfogeo.com.br\/about\/#breadcrumb"},"inLanguage":"it-IT","potentialAction":[{"@type":"ReadAction","target":["https:\/\/bmpinfogeo.com.br\/about\/"]}]},{"@type":"BreadcrumbList","@id":"https:\/\/bmpinfogeo.com.br\/about\/#breadcrumb","itemListElement":[{"@type":"ListItem","position":1,"name":"Home","item":"https:\/\/bmpinfogeo.com.br\/"},{"@type":"ListItem","position":2,"name":"Sobre"}]},{"@type":"WebSite","@id":"https:\/\/bmpinfogeo.com.br\/#website","url":"https:\/\/bmpinfogeo.com.br\/","name":"Bmp Info Geo","description":"","potentialAction":[{"@type":"SearchAction","target":{"@type":"EntryPoint","urlTemplate":"https:\/\/bmpinfogeo.com.br\/?s={search_term_string}"},"query-input":"required name=search_term_string"}],"inLanguage":"it-IT"}]}},"_links":{"self":[{"href":"https:\/\/bmpinfogeo.com.br\/it\/wp-json\/wp\/v2\/pages\/96"}],"collection":[{"href":"https:\/\/bmpinfogeo.com.br\/it\/wp-json\/wp\/v2\/pages"}],"about":[{"href":"https:\/\/bmpinfogeo.com.br\/it\/wp-json\/wp\/v2\/types\/page"}],"author":[{"embeddable":true,"href":"https:\/\/bmpinfogeo.com.br\/it\/wp-json\/wp\/v2\/users\/5"}],"replies":[{"embeddable":true,"href":"https:\/\/bmpinfogeo.com.br\/it\/wp-json\/wp\/v2\/comments?post=96"}],"version-history":[{"count":2,"href":"https:\/\/bmpinfogeo.com.br\/it\/wp-json\/wp\/v2\/pages\/96\/revisions"}],"predecessor-version":[{"id":1812,"href":"https:\/\/bmpinfogeo.com.br\/it\/wp-json\/wp\/v2\/pages\/96\/revisions\/1812"}],"wp:attachment":[{"href":"https:\/\/bmpinfogeo.com.br\/it\/wp-json\/wp\/v2\/media?parent=96"}],"curies":[{"name":"wp","href":"https:\/\/api.w.org\/{rel}","templated":true}]}}