{"id":96,"date":"2024-09-02T21:26:27","date_gmt":"2024-09-02T21:26:27","guid":{"rendered":"http:\/\/bmpinfogeo.atpnd.com\/?page_id=96"},"modified":"2025-12-11T17:33:50","modified_gmt":"2025-12-11T17:33:50","slug":"about","status":"publish","type":"page","link":"https:\/\/bmpinfogeo.com.br\/es\/about\/","title":{"rendered":"En"},"content":{"rendered":"<div class=\"mx-5 sm:mx-0 prose leading-relaxed text-lg mb-5 text-left wp-paragraph\">\n<p>En BMP InfoGeo, creemos que el aprendizaje, la diversi\u00f3n y la b\u00fasqueda de nuevas oportunidades deben ir de la mano. Somos tu fuente de confianza para explorar una variedad de temas, desde cursos de formaci\u00f3n, consejos financieros y oportunidades laborales hasta las \u00faltimas noticias en m\u00fasica y apps. <\/p>\n<\/div><div class=\"mx-5 sm:mx-0 prose leading-relaxed text-lg mb-5 text-left wp-paragraph\">\n<p>Nuestro objetivo es brindar contenido diverso y relevante para enriquecer tu rutina, ayud\u00e1ndote a evolucionar en diferentes \u00e1reas de tu vida.<\/p>\n<\/div><div class=\"mx-5 sm:mx-0 prose leading-relaxed text-lg mb-5 text-left wp-paragraph\">\n<p>Con un equipo dedicado y apasionado, reunimos los mejores recursos para garantizar que usted tenga acceso a informaci\u00f3n de alta calidad, pr\u00e1ctica y siempre actualizada. <\/p>\n<\/div><div class=\"mx-5 sm:mx-0 prose leading-relaxed text-lg mb-5 text-left wp-paragraph\">\n<p>Queremos ser tu gu\u00eda digital, ya sea para ampliar tus conocimientos, encontrar la mejor m\u00fasica, optimizar tu d\u00eda con nuevas apps o explorar nuevas posibilidades en el mundo de las finanzas y el mercado laboral.<\/p>\n<\/div><!--advertisement--><div class=\"mx-5 sm:mx-0 sm:text-3xl text-2xl font-medium title-font mb-4 text-gray-900 text-left\">\n<h2 class=\"wp-block-heading\"><strong>Quienes somos<\/strong><\/h2>\n<\/div><div class=\"mx-5 sm:mx-0 prose leading-relaxed text-lg mb-5 text-left wp-paragraph\">\n<p>BMP InfoGeo es una plataforma completa y din\u00e1mica, creada para ofrecer contenidos de valor en diversas \u00e1reas: educaci\u00f3n, entretenimiento y desarrollo personal. <\/p>\n<\/div><div class=\"mx-5 sm:mx-0 prose leading-relaxed text-lg mb-5 text-left wp-paragraph\">\n<p>Estamos aqu\u00ed para ayudarte a encontrar cursos que impulsen tu carrera, descubrir m\u00fasica incre\u00edble para cada momento, utilizar aplicaciones \u00fatiles en tu vida diaria, explorar soluciones financieras e incluso guiarte en la b\u00fasqueda de un nuevo trabajo.<\/p>\n<\/div><div class=\"mx-5 sm:mx-0 prose leading-relaxed text-lg mb-5 text-left wp-paragraph\">\n<p>Nuestro equipo est\u00e1 formado por expertos apasionados por la informaci\u00f3n de calidad, y trabajamos incansablemente para garantizar que tengas acceso a todo lo que necesitas para mantenerte bien informado y conectado con lo m\u00e1s interesante del mundo digital y profesional.<\/p>\n<\/div><div class=\"mx-5 sm:mx-0 prose leading-relaxed text-lg mb-5 text-left wp-paragraph\">\n<p><strong>Nuestra misi\u00f3n<\/strong><\/p>\n<\/div><div class=\"mx-5 sm:mx-0 prose leading-relaxed text-lg mb-5 text-left wp-paragraph\">\n<p>Nuestra misi\u00f3n es proporcionar contenido accesible, din\u00e1mico y pr\u00e1ctico para todos aquellos que buscan crecimiento personal y profesional. <\/p>\n<\/div><div class=\"mx-5 sm:mx-0 prose leading-relaxed text-lg mb-5 text-left wp-paragraph\">\n<p>Queremos ser tu fuente de referencia para cursos y recursos educativos, m\u00fasica inspiradora, aplicaciones innovadoras para optimizar tu d\u00eda, soluciones financieras efectivas e informaci\u00f3n actualizada sobre el mercado laboral. <\/p>\n<\/div><div class=\"mx-5 sm:mx-0 prose leading-relaxed text-lg mb-5 text-left wp-paragraph\">\n<p>Creemos que la educaci\u00f3n y el entretenimiento pueden y deben ir de la mano.<\/p>\n<\/div><div class=\"mx-5 sm:mx-0 prose leading-relaxed text-lg mb-5 text-left wp-paragraph\">\n<p>Nuestro compromiso es ofrecer informaci\u00f3n clara, honesta y de f\u00e1cil acceso, esforz\u00e1ndonos siempre por brindarle valor real, ya sea aprendiendo nuevas habilidades, descubriendo nueva m\u00fasica o maximizando su productividad y sus finanzas.<\/p>\n<\/div><!--advertisement--><div class=\"mx-5 sm:mx-0 sm:text-3xl text-2xl font-medium title-font mb-4 text-gray-900 text-left\">\n<h2 class=\"wp-block-heading\"><strong>Lo que encontrar\u00e1s aqu\u00ed<\/strong><\/h2>\n<\/div><div class=\"mx-5 sm:mx-0 prose leading-relaxed text-lg mb-5 text-left wp-paragraph\">\n<p>Hemos organizado nuestro contenido para satisfacer todas tus necesidades, con temas relevantes y pr\u00e1cticas accesibles:<\/p>\n<\/div><div class=\"mx-5 sm:mx-0 prose leading-relaxed text-lg mb-5 text-left wp-paragraph\">\n<p>\ud83d\udd39 <strong>Cursos y Formaci\u00f3n<\/strong><br>Explora cursos de calidad que abarcan desde habilidades t\u00e9cnicas hasta desarrollo personal. Ofrecemos recomendaciones de cursos que te ayudar\u00e1n a alcanzar tus metas, ya sea aprender una nueva profesi\u00f3n o ampliar tus conocimientos para tu crecimiento personal.<\/p>\n<\/div><div class=\"mx-5 sm:mx-0 prose leading-relaxed text-lg mb-5 text-left wp-paragraph\">\n<p>\ud83d\udd39 <strong>M\u00fasica y entretenimiento<\/strong><br>Descubre listas de reproducci\u00f3n, nuevos lanzamientos y canciones que te inspiran y alegran el d\u00eda. Queremos ayudarte a conectar con la m\u00fasica que refleja tu estilo y emociones, adem\u00e1s de mantenerte al d\u00eda con las tendencias y los nuevos lanzamientos del panorama musical.<\/p>\n<\/div><div class=\"mx-5 sm:mx-0 prose leading-relaxed text-lg mb-5 text-left wp-paragraph\">\n<p>\ud83d\udd39 <strong>Aplicaciones y herramientas digitales<\/strong><br>Encuentra las mejores apps para que tu d\u00eda sea m\u00e1s eficiente y productivo. Ya sea para tu organizaci\u00f3n personal, finanzas o entretenimiento, tenemos las mejores sugerencias para mejorar tu experiencia digital.<\/p>\n<\/div><div class=\"mx-5 sm:mx-0 prose leading-relaxed text-lg mb-5 text-left wp-paragraph\">\n<p>\ud83d\udd39 <strong>Consejos financieros y econ\u00f3micos<\/strong><br>Comprenda conceptos financieros esenciales y obtenga consejos pr\u00e1cticos sobre c\u00f3mo administrar su dinero, ahorrar e invertir de manera inteligente, adem\u00e1s de mantenerse actualizado sobre las \u00faltimas noticias del sector econ\u00f3mico.<\/p>\n<\/div><div class=\"mx-5 sm:mx-0 prose leading-relaxed text-lg mb-5 text-left wp-paragraph\">\n<p>\ud83d\udd39 <strong>Empleos y oportunidades profesionales<\/strong><br>Mant\u00e9ngase informado sobre las vacantes y las mejores oportunidades del mercado. Le ayudamos a encontrar el camino correcto hacia el crecimiento profesional, ya sea en grandes empresas o en nuevos sectores emergentes.<\/p>\n<\/div><!--advertisement--><div class=\"mx-5 sm:mx-0 sm:text-3xl text-2xl font-medium title-font mb-4 text-gray-900 text-left\">\n<h2 class=\"wp-block-heading\"><strong>Nuestro enfoque<\/strong><\/h2>\n<\/div><div class=\"mx-5 sm:mx-0 prose leading-relaxed text-lg mb-5 text-left wp-paragraph\">\n<p>BMP InfoGeo se basa en la transparencia y la dedicaci\u00f3n al contenido de calidad. Producimos todo internamente, centr\u00e1ndonos en investigaci\u00f3n detallada e informaci\u00f3n pr\u00e1ctica para ayudarle a alcanzar sus objetivos. <\/p>\n<\/div><div class=\"mx-5 sm:mx-0 prose leading-relaxed text-lg mb-5 text-left wp-paragraph\">\n<p>No hacemos promesas vac\u00edas; en cambio, nos esforzamos por ofrecer contenido que realmente marque la diferencia en su vida, ya sea al desarrollar su carrera, elegir una nueva aplicaci\u00f3n u optimizar sus finanzas personales.<\/p>\n<\/div><div class=\"mx-5 sm:mx-0 prose leading-relaxed text-lg mb-5 text-left wp-paragraph\">\n<p>Creemos que el conocimiento debe ser accesible para todos, por eso nuestro contenido es claro, directo y \u00fatil, sin importar en qu\u00e9 punto de tu viaje te encuentres. <\/p>\n<\/div><div class=\"mx-5 sm:mx-0 prose leading-relaxed text-lg mb-5 text-left wp-paragraph\">\n<p>En BMP InfoGeo, estamos aqu\u00ed para ser tu aliado en cada paso de tu desarrollo digital, profesional y personal.<\/p>\n<\/div>","protected":false},"excerpt":{"rendered":"<p>En BMP InfoGeo, creemos que el aprendizaje, la diversi\u00f3n y la b\u00fasqueda de nuevas oportunidades deben ir de la mano. Somos tu fuente de confianza para explorar una variedad de temas, desde cursos de formaci\u00f3n, consejos financieros y oportunidades laborales hasta las \u00faltimas noticias en m\u00fasica y apps. Nuestro objetivo es ofrecer contenido diverso y\u2026 <a class=\"more-link\" href=\"https:\/\/bmpinfogeo.com.br\/es\/about\/\">Contin\u00faa leyendo <span class=\"screen-reader-text\">En<\/span><\/a><\/p>","protected":false},"author":5,"featured_media":0,"parent":0,"menu_order":0,"comment_status":"closed","ping_status":"closed","template":"","meta":{"footnotes":""},"yoast_head":"<!-- This site is optimized with the Yoast SEO plugin v23.3 - https:\/\/yoast.com\/wordpress\/plugins\/seo\/ -->\n<title>Sobre - Bmp Info Geo<\/title>\n<meta name=\"robots\" content=\"index, follow, max-snippet:-1, max-image-preview:large, max-video-preview:-1\" \/>\n<link rel=\"canonical\" href=\"https:\/\/bmpinfogeo.com.br\/es\/about\/\" \/>\n<meta property=\"og:locale\" content=\"es_MX\" \/>\n<meta property=\"og:type\" content=\"article\" \/>\n<meta property=\"og:title\" content=\"Sobre - Bmp Info Geo\" \/>\n<meta property=\"og:description\" content=\"No BMP InfoGeo, acreditamos que o aprendizado, a divers\u00e3o e a busca por novas oportunidades devem caminhar juntos. Somos sua fonte de informa\u00e7\u00e3o confi\u00e1vel para explorar uma variedade de temas, desde cursos de capacita\u00e7\u00e3o, dicas financeiras e oportunidades de emprego at\u00e9 as \u00faltimas novidades em m\u00fasicas e aplicativos. Nosso objetivo \u00e9 fornecer conte\u00fado diversificado e&hellip; Continue reading Sobre\" \/>\n<meta property=\"og:url\" content=\"https:\/\/bmpinfogeo.com.br\/es\/about\/\" \/>\n<meta property=\"og:site_name\" content=\"Bmp Info Geo\" \/>\n<meta property=\"article:modified_time\" content=\"2025-12-11T17:33:50+00:00\" \/>\n<meta name=\"twitter:card\" content=\"summary_large_image\" \/>\n<meta name=\"twitter:label1\" content=\"Est. reading time\" \/>\n\t<meta name=\"twitter:data1\" content=\"3 minutos\" \/>\n<script type=\"application\/ld+json\" class=\"yoast-schema-graph\">{\"@context\":\"https:\/\/schema.org\",\"@graph\":[{\"@type\":\"WebPage\",\"@id\":\"https:\/\/bmpinfogeo.com.br\/about\/\",\"url\":\"https:\/\/bmpinfogeo.com.br\/about\/\",\"name\":\"Sobre - Bmp Info Geo\",\"isPartOf\":{\"@id\":\"https:\/\/bmpinfogeo.com.br\/#website\"},\"datePublished\":\"2024-09-02T21:26:27+00:00\",\"dateModified\":\"2025-12-11T17:33:50+00:00\",\"breadcrumb\":{\"@id\":\"https:\/\/bmpinfogeo.com.br\/about\/#breadcrumb\"},\"inLanguage\":\"es-MX\",\"potentialAction\":[{\"@type\":\"ReadAction\",\"target\":[\"https:\/\/bmpinfogeo.com.br\/about\/\"]}]},{\"@type\":\"BreadcrumbList\",\"@id\":\"https:\/\/bmpinfogeo.com.br\/about\/#breadcrumb\",\"itemListElement\":[{\"@type\":\"ListItem\",\"position\":1,\"name\":\"Home\",\"item\":\"https:\/\/bmpinfogeo.com.br\/\"},{\"@type\":\"ListItem\",\"position\":2,\"name\":\"Sobre\"}]},{\"@type\":\"WebSite\",\"@id\":\"https:\/\/bmpinfogeo.com.br\/#website\",\"url\":\"https:\/\/bmpinfogeo.com.br\/\",\"name\":\"Bmp Info Geo\",\"description\":\"\",\"potentialAction\":[{\"@type\":\"SearchAction\",\"target\":{\"@type\":\"EntryPoint\",\"urlTemplate\":\"https:\/\/bmpinfogeo.com.br\/?s={search_term_string}\"},\"query-input\":\"required name=search_term_string\"}],\"inLanguage\":\"es-MX\"}]}<\/script>\n<!-- \/ Yoast SEO plugin. -->","yoast_head_json":{"title":"Sobre - Bmp Info Geo","robots":{"index":"index","follow":"follow","max-snippet":"max-snippet:-1","max-image-preview":"max-image-preview:large","max-video-preview":"max-video-preview:-1"},"canonical":"https:\/\/bmpinfogeo.com.br\/es\/about\/","og_locale":"es_MX","og_type":"article","og_title":"Sobre - Bmp Info Geo","og_description":"No BMP InfoGeo, acreditamos que o aprendizado, a divers\u00e3o e a busca por novas oportunidades devem caminhar juntos. Somos sua fonte de informa\u00e7\u00e3o confi\u00e1vel para explorar uma variedade de temas, desde cursos de capacita\u00e7\u00e3o, dicas financeiras e oportunidades de emprego at\u00e9 as \u00faltimas novidades em m\u00fasicas e aplicativos. Nosso objetivo \u00e9 fornecer conte\u00fado diversificado e&hellip; Continue reading Sobre","og_url":"https:\/\/bmpinfogeo.com.br\/es\/about\/","og_site_name":"Bmp Info Geo","article_modified_time":"2025-12-11T17:33:50+00:00","twitter_card":"summary_large_image","twitter_misc":{"Est. reading time":"3 minutos"},"schema":{"@context":"https:\/\/schema.org","@graph":[{"@type":"WebPage","@id":"https:\/\/bmpinfogeo.com.br\/about\/","url":"https:\/\/bmpinfogeo.com.br\/about\/","name":"Sobre - Bmp Info Geo","isPartOf":{"@id":"https:\/\/bmpinfogeo.com.br\/#website"},"datePublished":"2024-09-02T21:26:27+00:00","dateModified":"2025-12-11T17:33:50+00:00","breadcrumb":{"@id":"https:\/\/bmpinfogeo.com.br\/about\/#breadcrumb"},"inLanguage":"es-MX","potentialAction":[{"@type":"ReadAction","target":["https:\/\/bmpinfogeo.com.br\/about\/"]}]},{"@type":"BreadcrumbList","@id":"https:\/\/bmpinfogeo.com.br\/about\/#breadcrumb","itemListElement":[{"@type":"ListItem","position":1,"name":"Home","item":"https:\/\/bmpinfogeo.com.br\/"},{"@type":"ListItem","position":2,"name":"Sobre"}]},{"@type":"WebSite","@id":"https:\/\/bmpinfogeo.com.br\/#website","url":"https:\/\/bmpinfogeo.com.br\/","name":"Bmp Info Geo","description":"","potentialAction":[{"@type":"SearchAction","target":{"@type":"EntryPoint","urlTemplate":"https:\/\/bmpinfogeo.com.br\/?s={search_term_string}"},"query-input":"required name=search_term_string"}],"inLanguage":"es-MX"}]}},"_links":{"self":[{"href":"https:\/\/bmpinfogeo.com.br\/es\/wp-json\/wp\/v2\/pages\/96"}],"collection":[{"href":"https:\/\/bmpinfogeo.com.br\/es\/wp-json\/wp\/v2\/pages"}],"about":[{"href":"https:\/\/bmpinfogeo.com.br\/es\/wp-json\/wp\/v2\/types\/page"}],"author":[{"embeddable":true,"href":"https:\/\/bmpinfogeo.com.br\/es\/wp-json\/wp\/v2\/users\/5"}],"replies":[{"embeddable":true,"href":"https:\/\/bmpinfogeo.com.br\/es\/wp-json\/wp\/v2\/comments?post=96"}],"version-history":[{"count":2,"href":"https:\/\/bmpinfogeo.com.br\/es\/wp-json\/wp\/v2\/pages\/96\/revisions"}],"predecessor-version":[{"id":1812,"href":"https:\/\/bmpinfogeo.com.br\/es\/wp-json\/wp\/v2\/pages\/96\/revisions\/1812"}],"wp:attachment":[{"href":"https:\/\/bmpinfogeo.com.br\/es\/wp-json\/wp\/v2\/media?parent=96"}],"curies":[{"name":"wp","href":"https:\/\/api.w.org\/{rel}","templated":true}]}}